{"id":10410,"date":"2022-02-08T15:17:33","date_gmt":"2022-02-08T12:17:33","guid":{"rendered":"https:\/\/harmonyresort.gr\/beach-bar\/"},"modified":"2022-02-09T13:34:19","modified_gmt":"2022-02-09T10:34:19","slug":"beach-bar","status":"publish","type":"page","link":"https:\/\/harmonyresort.gr\/de\/beach-bar\/","title":{"rendered":"Beach Bar"},"content":{"rendered":"\t\t<div data-elementor-type=\"wp-page\" data-elementor-id=\"10410\" class=\"elementor elementor-10410 elementor-7937\" data-elementor-settings=\"[]\">\n\t\t\t\t\t\t\t<div class=\"elementor-section-wrap\">\n\t\t\t\t\t\t\t<section class=\"elementor-section elementor-top-section elementor-element elementor-element-3e2bbfd elementor-section-boxed elementor-section-gap-beside-yes elementor-section-height-default elementor-section-height-default elementor-section-column-vertical-align-stretch\" data-id=\"3e2bbfd\" data-element_type=\"section\">\n\t\t\t\t\t\t<div class=\"elementor-container elementor-column-gap-extended\">\n\t\t\t\t\t<div class=\"elementor-column elementor-col-100 elementor-top-column elementor-element elementor-element-5f86625\" data-id=\"5f86625\" data-element_type=\"column\">\n\t\t\t<div class=\"elementor-widget-wrap elementor-element-populated\">\n\t\t\t\t\t\t\t\t<div class=\"elementor-element elementor-element-fb64673 elementor-widget elementor-widget-heading\" data-id=\"fb64673\" data-element_type=\"widget\" data-widget_type=\"heading.default\">\n\t\t\t\t<div class=\"elementor-widget-container\">\n\t\t\t<style>\/*! elementor - v3.5.5 - 03-02-2022 *\/\n.elementor-heading-title{padding:0;margin:0;line-height:1}.elementor-widget-heading .elementor-heading-title[class*=elementor-size-]>a{color:inherit;font-size:inherit;line-height:inherit}.elementor-widget-heading .elementor-heading-title.elementor-size-small{font-size:15px}.elementor-widget-heading .elementor-heading-title.elementor-size-medium{font-size:19px}.elementor-widget-heading .elementor-heading-title.elementor-size-large{font-size:29px}.elementor-widget-heading .elementor-heading-title.elementor-size-xl{font-size:39px}.elementor-widget-heading .elementor-heading-title.elementor-size-xxl{font-size:59px}<\/style><h2 class=\"elementor-heading-title elementor-size-default\">Beach Bar<\/h2>\t\t<\/div>\n\t\t\t\t<\/div>\n\t\t\t\t\t<\/div>\n\t\t<\/div>\n\t\t\t\t\t\t\t<\/div>\n\t\t<\/section>\n\t\t\t\t<section class=\"elementor-section elementor-top-section elementor-element elementor-element-9be19cc elementor-section-boxed elementor-section-gap-beside-yes elementor-section-height-default elementor-section-height-default elementor-section-column-vertical-align-stretch\" data-id=\"9be19cc\" data-element_type=\"section\">\n\t\t\t\t\t\t<div class=\"elementor-container elementor-column-gap-extended\">\n\t\t\t\t\t<div class=\"elementor-column elementor-col-100 elementor-top-column elementor-element elementor-element-e937d9c\" data-id=\"e937d9c\" data-element_type=\"column\">\n\t\t\t<div class=\"elementor-widget-wrap elementor-element-populated\">\n\t\t\t\t\t\t\t\t<div class=\"elementor-element elementor-element-76b7580 elementor-widget elementor-widget-text-editor\" data-id=\"76b7580\" data-element_type=\"widget\" data-widget_type=\"text-editor.default\">\n\t\t\t\t<div class=\"elementor-widget-container\">\n\t\t\t<style>\/*! elementor - v3.5.5 - 03-02-2022 *\/\n.elementor-widget-text-editor.elementor-drop-cap-view-stacked .elementor-drop-cap{background-color:#818a91;color:#fff}.elementor-widget-text-editor.elementor-drop-cap-view-framed .elementor-drop-cap{color:#818a91;border:3px solid;background-color:transparent}.elementor-widget-text-editor:not(.elementor-drop-cap-view-default) .elementor-drop-cap{margin-top:8px}.elementor-widget-text-editor:not(.elementor-drop-cap-view-default) .elementor-drop-cap-letter{width:1em;height:1em}.elementor-widget-text-editor .elementor-drop-cap{float:left;text-align:center;line-height:1;font-size:50px}.elementor-widget-text-editor .elementor-drop-cap-letter{display:inline-block}<\/style>\t\t\t\t<p>Genie\u00dfen Sie Fr\u00fchst\u00fcck, allt\u00e4glich cafe, snack, coctails,<br \/>lokale Weine, usw, mit Blick auf Ionisches Meer!<\/p>\t\t\t\t\t\t<\/div>\n\t\t\t\t<\/div>\n\t\t\t\t\t<\/div>\n\t\t<\/div>\n\t\t\t\t\t\t\t<\/div>\n\t\t<\/section>\n\t\t\t\t<section class=\"elementor-section elementor-top-section elementor-element elementor-element-8e23577 elementor-section-boxed elementor-section-gap-beside-yes elementor-section-height-default elementor-section-height-default elementor-section-column-vertical-align-stretch\" data-id=\"8e23577\" data-element_type=\"section\">\n\t\t\t\t\t\t<div class=\"elementor-container elementor-column-gap-extended\">\n\t\t\t\t\t<div class=\"elementor-column elementor-col-100 elementor-top-column elementor-element elementor-element-8586429\" data-id=\"8586429\" data-element_type=\"column\">\n\t\t\t<div class=\"elementor-widget-wrap elementor-element-populated\">\n\t\t\t\t\t\t\t\t<div class=\"elementor-element elementor-element-e9773bc elementor-widget elementor-widget-image\" data-id=\"e9773bc\" data-element_type=\"widget\" data-widget_type=\"image.default\">\n\t\t\t\t<div class=\"elementor-widget-container\">\n\t\t\t<style>\/*! elementor - v3.5.5 - 03-02-2022 *\/\n.elementor-widget-image{text-align:center}.elementor-widget-image a{display:inline-block}.elementor-widget-image a img[src$=\".svg\"]{width:48px}.elementor-widget-image img{vertical-align:middle;display:inline-block}<\/style>\t\t\t\t\t\t\t\t\t\t\t\t<img loading=\"lazy\" decoding=\"async\" width=\"1024\" height=\"576\" src=\"https:\/\/harmonyresort.gr\/wp-content\/uploads\/2022\/02\/076-Harmony-2018-Copy-1024x576.jpg\" class=\"attachment-large size-large\" alt=\"\" srcset=\"https:\/\/harmonyresort.gr\/wp-content\/uploads\/2022\/02\/076-Harmony-2018-Copy-1024x576.jpg 1024w, https:\/\/harmonyresort.gr\/wp-content\/uploads\/2022\/02\/076-Harmony-2018-Copy-300x169.jpg 300w, https:\/\/harmonyresort.gr\/wp-content\/uploads\/2022\/02\/076-Harmony-2018-Copy-768x432.jpg 768w, https:\/\/harmonyresort.gr\/wp-content\/uploads\/2022\/02\/076-Harmony-2018-Copy-1536x864.jpg 1536w, https:\/\/harmonyresort.gr\/wp-content\/uploads\/2022\/02\/076-Harmony-2018-Copy.jpg 1600w\" sizes=\"auto, (max-width: 1024px) 100vw, 1024px\" \/>\t\t\t\t\t\t\t\t\t\t\t\t\t\t\t<\/div>\n\t\t\t\t<\/div>\n\t\t\t\t\t<\/div>\n\t\t<\/div>\n\t\t\t\t\t\t\t<\/div>\n\t\t<\/section>\n\t\t\t\t\t\t<\/div>\n\t\t\t\t\t<\/div>\n\t\t","protected":false},"excerpt":{"rendered":"<p>Beach Bar Genie\u00dfen Sie Fr\u00fchst\u00fcck, allt\u00e4glich cafe, snack, coctails, lokale Weine, usw, mit Blick auf Ionisches Meer!<\/p>\n","protected":false},"author":1,"featured_media":0,"parent":0,"menu_order":0,"comment_status":"closed","ping_status":"closed","template":"","meta":{"footnotes":""},"class_list":["post-10410","page","type-page","status-publish","hentry","post-no-thumbnail"],"yoast_head":"<!-- This site is optimized with the Yoast SEO plugin v19.1 - https:\/\/yoast.com\/wordpress\/plugins\/seo\/ -->\n<title>Beach Bar - Harmony Beach Hotel, Kourouta<\/title>\n<meta name=\"robots\" content=\"index, follow, max-snippet:-1, max-image-preview:large, max-video-preview:-1\" \/>\n<link rel=\"canonical\" href=\"https:\/\/harmonyresort.gr\/de\/beach-bar\/\" \/>\n<meta property=\"og:locale\" content=\"de_DE\" \/>\n<meta property=\"og:type\" content=\"article\" \/>\n<meta property=\"og:title\" content=\"Beach Bar - Harmony Beach Hotel, Kourouta\" \/>\n<meta property=\"og:description\" content=\"Beach Bar Genie\u00dfen Sie Fr\u00fchst\u00fcck, allt\u00e4glich cafe, snack, coctails, lokale Weine, usw, mit Blick auf Ionisches Meer!\" \/>\n<meta property=\"og:url\" content=\"https:\/\/harmonyresort.gr\/de\/beach-bar\/\" \/>\n<meta property=\"og:site_name\" content=\"Harmony Beach Hotel, Kourouta\" \/>\n<meta property=\"article:modified_time\" content=\"2022-02-09T10:34:19+00:00\" \/>\n<meta property=\"og:image\" content=\"https:\/\/harmonyresort.gr\/wp-content\/uploads\/2022\/02\/076-Harmony-2018-Copy-1024x576.jpg\" \/>\n<meta name=\"twitter:card\" content=\"summary_large_image\" \/>\n<script type=\"application\/ld+json\" class=\"yoast-schema-graph\">{\"@context\":\"https:\/\/schema.org\",\"@graph\":[{\"@type\":\"WebSite\",\"@id\":\"https:\/\/harmonyresort.gr\/#website\",\"url\":\"https:\/\/harmonyresort.gr\/\",\"name\":\"Harmony Beach Hotel, Kourouta\",\"description\":\"Western Peloponnese, Greece\",\"potentialAction\":[{\"@type\":\"SearchAction\",\"target\":{\"@type\":\"EntryPoint\",\"urlTemplate\":\"https:\/\/harmonyresort.gr\/?s={search_term_string}\"},\"query-input\":\"required name=search_term_string\"}],\"inLanguage\":\"de\"},{\"@type\":\"ImageObject\",\"inLanguage\":\"de\",\"@id\":\"https:\/\/harmonyresort.gr\/de\/beach-bar\/#primaryimage\",\"url\":\"https:\/\/harmonyresort.gr\/wp-content\/uploads\/2022\/02\/076-Harmony-2018-Copy.jpg\",\"contentUrl\":\"https:\/\/harmonyresort.gr\/wp-content\/uploads\/2022\/02\/076-Harmony-2018-Copy.jpg\",\"width\":1600,\"height\":900},{\"@type\":\"WebPage\",\"@id\":\"https:\/\/harmonyresort.gr\/de\/beach-bar\/#webpage\",\"url\":\"https:\/\/harmonyresort.gr\/de\/beach-bar\/\",\"name\":\"Beach Bar - Harmony Beach Hotel, Kourouta\",\"isPartOf\":{\"@id\":\"https:\/\/harmonyresort.gr\/#website\"},\"primaryImageOfPage\":{\"@id\":\"https:\/\/harmonyresort.gr\/de\/beach-bar\/#primaryimage\"},\"datePublished\":\"2022-02-08T12:17:33+00:00\",\"dateModified\":\"2022-02-09T10:34:19+00:00\",\"breadcrumb\":{\"@id\":\"https:\/\/harmonyresort.gr\/de\/beach-bar\/#breadcrumb\"},\"inLanguage\":\"de\",\"potentialAction\":[{\"@type\":\"ReadAction\",\"target\":[\"https:\/\/harmonyresort.gr\/de\/beach-bar\/\"]}]},{\"@type\":\"BreadcrumbList\",\"@id\":\"https:\/\/harmonyresort.gr\/de\/beach-bar\/#breadcrumb\",\"itemListElement\":[{\"@type\":\"ListItem\",\"position\":1,\"name\":\"\u0391\u03c1\u03c7\u03b9\u03ba\u03ae\",\"item\":\"https:\/\/harmonyresort.gr\/en\/\"},{\"@type\":\"ListItem\",\"position\":2,\"name\":\"Beach Bar\"}]}]}<\/script>\n<!-- \/ Yoast SEO plugin. -->","yoast_head_json":{"title":"Beach Bar - Harmony Beach Hotel, Kourouta","robots":{"index":"index","follow":"follow","max-snippet":"max-snippet:-1","max-image-preview":"max-image-preview:large","max-video-preview":"max-video-preview:-1"},"canonical":"https:\/\/harmonyresort.gr\/de\/beach-bar\/","og_locale":"de_DE","og_type":"article","og_title":"Beach Bar - Harmony Beach Hotel, Kourouta","og_description":"Beach Bar Genie\u00dfen Sie Fr\u00fchst\u00fcck, allt\u00e4glich cafe, snack, coctails, lokale Weine, usw, mit Blick auf Ionisches Meer!","og_url":"https:\/\/harmonyresort.gr\/de\/beach-bar\/","og_site_name":"Harmony Beach Hotel, Kourouta","article_modified_time":"2022-02-09T10:34:19+00:00","og_image":[{"url":"https:\/\/harmonyresort.gr\/wp-content\/uploads\/2022\/02\/076-Harmony-2018-Copy-1024x576.jpg"}],"twitter_card":"summary_large_image","schema":{"@context":"https:\/\/schema.org","@graph":[{"@type":"WebSite","@id":"https:\/\/harmonyresort.gr\/#website","url":"https:\/\/harmonyresort.gr\/","name":"Harmony Beach Hotel, Kourouta","description":"Western Peloponnese, Greece","potentialAction":[{"@type":"SearchAction","target":{"@type":"EntryPoint","urlTemplate":"https:\/\/harmonyresort.gr\/?s={search_term_string}"},"query-input":"required name=search_term_string"}],"inLanguage":"de"},{"@type":"ImageObject","inLanguage":"de","@id":"https:\/\/harmonyresort.gr\/de\/beach-bar\/#primaryimage","url":"https:\/\/harmonyresort.gr\/wp-content\/uploads\/2022\/02\/076-Harmony-2018-Copy.jpg","contentUrl":"https:\/\/harmonyresort.gr\/wp-content\/uploads\/2022\/02\/076-Harmony-2018-Copy.jpg","width":1600,"height":900},{"@type":"WebPage","@id":"https:\/\/harmonyresort.gr\/de\/beach-bar\/#webpage","url":"https:\/\/harmonyresort.gr\/de\/beach-bar\/","name":"Beach Bar - Harmony Beach Hotel, Kourouta","isPartOf":{"@id":"https:\/\/harmonyresort.gr\/#website"},"primaryImageOfPage":{"@id":"https:\/\/harmonyresort.gr\/de\/beach-bar\/#primaryimage"},"datePublished":"2022-02-08T12:17:33+00:00","dateModified":"2022-02-09T10:34:19+00:00","breadcrumb":{"@id":"https:\/\/harmonyresort.gr\/de\/beach-bar\/#breadcrumb"},"inLanguage":"de","potentialAction":[{"@type":"ReadAction","target":["https:\/\/harmonyresort.gr\/de\/beach-bar\/"]}]},{"@type":"BreadcrumbList","@id":"https:\/\/harmonyresort.gr\/de\/beach-bar\/#breadcrumb","itemListElement":[{"@type":"ListItem","position":1,"name":"\u0391\u03c1\u03c7\u03b9\u03ba\u03ae","item":"https:\/\/harmonyresort.gr\/en\/"},{"@type":"ListItem","position":2,"name":"Beach Bar"}]}]}},"_links":{"self":[{"href":"https:\/\/harmonyresort.gr\/de\/wp-json\/wp\/v2\/pages\/10410","targetHints":{"allow":["GET"]}}],"collection":[{"href":"https:\/\/harmonyresort.gr\/de\/wp-json\/wp\/v2\/pages"}],"about":[{"href":"https:\/\/harmonyresort.gr\/de\/wp-json\/wp\/v2\/types\/page"}],"author":[{"embeddable":true,"href":"https:\/\/harmonyresort.gr\/de\/wp-json\/wp\/v2\/users\/1"}],"replies":[{"embeddable":true,"href":"https:\/\/harmonyresort.gr\/de\/wp-json\/wp\/v2\/comments?post=10410"}],"version-history":[{"count":6,"href":"https:\/\/harmonyresort.gr\/de\/wp-json\/wp\/v2\/pages\/10410\/revisions"}],"predecessor-version":[{"id":10478,"href":"https:\/\/harmonyresort.gr\/de\/wp-json\/wp\/v2\/pages\/10410\/revisions\/10478"}],"wp:attachment":[{"href":"https:\/\/harmonyresort.gr\/de\/wp-json\/wp\/v2\/media?parent=10410"}],"curies":[{"name":"wp","href":"https:\/\/api.w.org\/{rel}","templated":true}]}}