{"id":10425,"date":"2021-09-17T10:34:53","date_gmt":"2021-09-17T07:34:53","guid":{"rendered":"https:\/\/harmonyresort.gr\/camping-kourouta\/"},"modified":"2023-02-01T11:58:52","modified_gmt":"2023-02-01T08:58:52","slug":"camping-kourouta","status":"publish","type":"page","link":"https:\/\/harmonyresort.gr\/de\/camping-kourouta\/","title":{"rendered":"Camping Kourouta"},"content":{"rendered":"\t\t<div data-elementor-type=\"wp-page\" data-elementor-id=\"10425\" class=\"elementor elementor-10425 elementor-6335\" data-elementor-settings=\"[]\">\n\t\t\t\t\t\t\t<div class=\"elementor-section-wrap\">\n\t\t\t\t\t\t\t<section class=\"elementor-section elementor-top-section elementor-element elementor-element-bb2901b elementor-section-boxed elementor-section-gap-beside-yes elementor-section-height-default elementor-section-height-default elementor-section-column-vertical-align-stretch\" data-id=\"bb2901b\" data-element_type=\"section\">\n\t\t\t\t\t\t<div class=\"elementor-container elementor-column-gap-extended\">\n\t\t\t\t\t<div class=\"elementor-column elementor-col-100 elementor-top-column elementor-element elementor-element-1919db9\" data-id=\"1919db9\" data-element_type=\"column\">\n\t\t\t<div class=\"elementor-widget-wrap elementor-element-populated\">\n\t\t\t\t\t\t\t\t<div class=\"elementor-element elementor-element-41a7b9c elementor-widget__width-initial elementor-invisible elementor-widget elementor-widget-text-editor\" data-id=\"41a7b9c\" data-element_type=\"widget\" data-settings=\"{&quot;_animation&quot;:&quot;nussFadeInUp&quot;}\" data-widget_type=\"text-editor.default\">\n\t\t\t\t<div class=\"elementor-widget-container\">\n\t\t\t<style>\/*! elementor - v3.5.5 - 03-02-2022 *\/\n.elementor-widget-text-editor.elementor-drop-cap-view-stacked .elementor-drop-cap{background-color:#818a91;color:#fff}.elementor-widget-text-editor.elementor-drop-cap-view-framed .elementor-drop-cap{color:#818a91;border:3px solid;background-color:transparent}.elementor-widget-text-editor:not(.elementor-drop-cap-view-default) .elementor-drop-cap{margin-top:8px}.elementor-widget-text-editor:not(.elementor-drop-cap-view-default) .elementor-drop-cap-letter{width:1em;height:1em}.elementor-widget-text-editor .elementor-drop-cap{float:left;text-align:center;line-height:1;font-size:50px}.elementor-widget-text-editor .elementor-drop-cap-letter{display:inline-block}<\/style>\t\t\t\tDer Kouroutas \u2013 Campingplatz, seit \u00fcber vierzig Jahren in Betrieb, liegt am wundersch\u00f6nen Kouroutas- Strand, in einer gr\u00fcnen Umgebung, nur ein paar Meter vom Meer entfernt. Er verf\u00fcgt \u00fcber angenehme Pl\u00e4tze f\u00fcr Zelte, Wohnwagen und Wohnmobile.\n\n\t\t\t\t\t\t<\/div>\n\t\t\t\t<\/div>\n\t\t\t\t<div class=\"elementor-element elementor-element-7023134 elementor-align-center elementor-widget elementor-widget-button\" data-id=\"7023134\" data-element_type=\"widget\" data-widget_type=\"button.default\">\n\t\t\t\t<div class=\"elementor-widget-container\">\n\t\t\t\t\t<div class=\"elementor-button-wrapper\">\n\t\t\t<a href=\"https:\/\/reservations.bookoncloud.com\/welcome\/harmonyresort-kourouta?lang=el&#038;channelId=website#\/availability\" class=\"elementor-button-link elementor-button elementor-size-sm\" role=\"button\">\n\t\t\t\t\t\t<span class=\"elementor-button-content-wrapper\">\n\t\t\t\t\t\t<span class=\"elementor-button-text\">BUCHEN SIE JETZT<\/span>\n\t\t<\/span>\n\t\t\t\t\t<\/a>\n\t\t<\/div>\n\t\t\t\t<\/div>\n\t\t\t\t<\/div>\n\t\t\t\t<div class=\"elementor-element elementor-element-5532a9a elementor-widget elementor-widget-text-editor\" data-id=\"5532a9a\" data-element_type=\"widget\" data-widget_type=\"text-editor.default\">\n\t\t\t\t<div class=\"elementor-widget-container\">\n\t\t\t\t\t\t\t24 Stunden: <a href=\"tel:+30 26220 22901 \">+30 26220 22901 <\/a>\t\t\t\t\t\t<\/div>\n\t\t\t\t<\/div>\n\t\t\t\t\t<\/div>\n\t\t<\/div>\n\t\t\t\t\t\t\t<\/div>\n\t\t<\/section>\n\t\t\t\t<section class=\"elementor-section elementor-top-section elementor-element elementor-element-fad87ed elementor-section-boxed elementor-section-gap-beside-yes elementor-section-height-default elementor-section-height-default elementor-section-column-vertical-align-stretch\" data-id=\"fad87ed\" data-element_type=\"section\">\n\t\t\t\t\t\t<div class=\"elementor-container elementor-column-gap-extended\">\n\t\t\t\t\t<div class=\"elementor-column elementor-col-50 elementor-top-column elementor-element elementor-element-9b3c6b5\" data-id=\"9b3c6b5\" data-element_type=\"column\">\n\t\t\t<div class=\"elementor-widget-wrap elementor-element-populated\">\n\t\t\t\t\t\t\t\t<div class=\"elementor-element elementor-element-ce91d58 elementor-invisible nuss-elementor-loading nuss-slide-in-right elementor-widget elementor-widget-image\" data-id=\"ce91d58\" data-element_type=\"widget\" data-settings=\"{&quot;_animation&quot;:&quot;nussSlideInRight&quot;}\" data-widget_type=\"image.default\">\n\t\t\t\t<div class=\"elementor-widget-container\">\n\t\t\t<style>\/*! elementor - v3.5.5 - 03-02-2022 *\/\n.elementor-widget-image{text-align:center}.elementor-widget-image a{display:inline-block}.elementor-widget-image a img[src$=\".svg\"]{width:48px}.elementor-widget-image img{vertical-align:middle;display:inline-block}<\/style>\t\t\t\t\t\t\t\t\t\t\t\t<img loading=\"lazy\" decoding=\"async\" width=\"2000\" height=\"1602\" src=\"https:\/\/harmonyresort.gr\/wp-content\/uploads\/2022\/02\/Harmony-Kourouta-Map.jpg\" class=\"attachment-full size-full\" alt=\"\" srcset=\"https:\/\/harmonyresort.gr\/wp-content\/uploads\/2022\/02\/Harmony-Kourouta-Map.jpg 2000w, https:\/\/harmonyresort.gr\/wp-content\/uploads\/2022\/02\/Harmony-Kourouta-Map-300x240.jpg 300w, https:\/\/harmonyresort.gr\/wp-content\/uploads\/2022\/02\/Harmony-Kourouta-Map-1024x820.jpg 1024w, https:\/\/harmonyresort.gr\/wp-content\/uploads\/2022\/02\/Harmony-Kourouta-Map-768x615.jpg 768w, https:\/\/harmonyresort.gr\/wp-content\/uploads\/2022\/02\/Harmony-Kourouta-Map-1536x1230.jpg 1536w\" sizes=\"auto, (max-width: 2000px) 100vw, 2000px\" \/>\t\t\t\t\t\t\t\t\t\t\t\t\t\t\t<\/div>\n\t\t\t\t<\/div>\n\t\t\t\t\t<\/div>\n\t\t<\/div>\n\t\t\t\t<div class=\"elementor-column elementor-col-50 elementor-top-column elementor-element elementor-element-27e1142\" data-id=\"27e1142\" data-element_type=\"column\">\n\t\t\t<div class=\"elementor-widget-wrap elementor-element-populated\">\n\t\t\t\t\t\t\t\t<div class=\"elementor-element elementor-element-46af239 elementor-invisible elementor-widget elementor-widget-text-editor\" data-id=\"46af239\" data-element_type=\"widget\" data-settings=\"{&quot;_animation&quot;:&quot;nussFadeInUp&quot;}\" data-widget_type=\"text-editor.default\">\n\t\t\t\t<div class=\"elementor-widget-container\">\n\t\t\t\t\t\t\t<p><strong>\u0391 :<\/strong> Hotel<br \/><strong>\u0392 :<\/strong> Coffee snack bar<br \/><strong>C :<\/strong> Bungalows<br \/><strong>D :<\/strong> Camping Kourouta<br \/><strong>E :<\/strong> Taverna<\/p>\t\t\t\t\t\t<\/div>\n\t\t\t\t<\/div>\n\t\t\t\t\t<\/div>\n\t\t<\/div>\n\t\t\t\t\t\t\t<\/div>\n\t\t<\/section>\n\t\t\t\t<section class=\"elementor-section elementor-top-section elementor-element elementor-element-03e023a elementor-section-boxed elementor-section-gap-beside-yes elementor-section-height-default elementor-section-height-default elementor-section-column-vertical-align-stretch\" data-id=\"03e023a\" data-element_type=\"section\">\n\t\t\t\t\t\t<div class=\"elementor-container elementor-column-gap-extended\">\n\t\t\t\t\t<div class=\"elementor-column elementor-col-100 elementor-top-column elementor-element elementor-element-25f8121\" data-id=\"25f8121\" data-element_type=\"column\">\n\t\t\t<div class=\"elementor-widget-wrap elementor-element-populated\">\n\t\t\t\t\t\t\t\t<div class=\"elementor-element elementor-element-8b97bc3 elementor-widget elementor-widget-heading\" data-id=\"8b97bc3\" data-element_type=\"widget\" data-widget_type=\"heading.default\">\n\t\t\t\t<div class=\"elementor-widget-container\">\n\t\t\t<style>\/*! elementor - v3.5.5 - 03-02-2022 *\/\n.elementor-heading-title{padding:0;margin:0;line-height:1}.elementor-widget-heading .elementor-heading-title[class*=elementor-size-]>a{color:inherit;font-size:inherit;line-height:inherit}.elementor-widget-heading .elementor-heading-title.elementor-size-small{font-size:15px}.elementor-widget-heading .elementor-heading-title.elementor-size-medium{font-size:19px}.elementor-widget-heading .elementor-heading-title.elementor-size-large{font-size:29px}.elementor-widget-heading .elementor-heading-title.elementor-size-xl{font-size:39px}.elementor-widget-heading .elementor-heading-title.elementor-size-xxl{font-size:59px}<\/style><h2 class=\"elementor-heading-title elementor-size-default\">Leistungen<\/h2>\t\t<\/div>\n\t\t\t\t<\/div>\n\t\t\t\t<div class=\"elementor-element elementor-element-847ac4e elementor-widget elementor-widget-spacer\" data-id=\"847ac4e\" data-element_type=\"widget\" data-widget_type=\"spacer.default\">\n\t\t\t\t<div class=\"elementor-widget-container\">\n\t\t\t\t\t<div class=\"elementor-spacer\">\n\t\t\t<div class=\"elementor-spacer-inner\"><\/div>\n\t\t<\/div>\n\t\t\t\t<\/div>\n\t\t\t\t<\/div>\n\t\t\t\t<div class=\"elementor-element elementor-element-b449d8c elementor-widget elementor-widget-text-editor\" data-id=\"b449d8c\" data-element_type=\"widget\" data-widget_type=\"text-editor.default\">\n\t\t\t\t<div class=\"elementor-widget-container\">\n\t\t\t\t\t\t\t<p>Die Pl\u00e4tze haben nat\u00fcrlichen oder k\u00fcnstlichen Schatten und Stromversorgung.<\/p><p>Der Campingplatz ist ein ideales Sommerziel f\u00fcr alle, die ihre Ferien in einer angenehmen, freundlichen Umgebung in der Natur und am Meer verbringen wollen.<\/p><p><strong>Leistungen:<br \/><\/strong><\/p><ul><li>Rezeption<\/li><li>Wi-Fi<\/li><li>Hygiener\u00e4ume<\/li><li>Restaurant<\/li><li>Mini Market<\/li><\/ul>\t\t\t\t\t\t<\/div>\n\t\t\t\t<\/div>\n\t\t\t\t\t<\/div>\n\t\t<\/div>\n\t\t\t\t\t\t\t<\/div>\n\t\t<\/section>\n\t\t\t\t\t\t<\/div>\n\t\t\t\t\t<\/div>\n\t\t","protected":false},"excerpt":{"rendered":"<p>Der Kouroutas \u2013 Campingplatz, seit \u00fcber vierzig Jahren in Betrieb, liegt am wundersch\u00f6nen Kouroutas- Strand, in einer gr\u00fcnen Umgebung, nur ein paar Meter vom Meer entfernt. Er verf\u00fcgt \u00fcber angenehme Pl\u00e4tze f\u00fcr Zelte, Wohnwagen und Wohnmobile. BUCHEN SIE JETZT 24 Stunden: +30 26220 22901 \u0391 : Hotel\u0392 : Coffee snack barC : BungalowsD : Camping [&hellip;]<\/p>\n","protected":false},"author":1,"featured_media":0,"parent":0,"menu_order":0,"comment_status":"closed","ping_status":"closed","template":"elementor_header_footer","meta":{"footnotes":""},"class_list":["post-10425","page","type-page","status-publish","hentry","post-no-thumbnail"],"yoast_head":"<!-- This site is optimized with the Yoast SEO plugin v19.1 - https:\/\/yoast.com\/wordpress\/plugins\/seo\/ -->\n<title>Camping Kourouta - Harmony Beach Hotel, Kourouta<\/title>\n<meta name=\"robots\" content=\"index, follow, max-snippet:-1, max-image-preview:large, max-video-preview:-1\" \/>\n<link rel=\"canonical\" href=\"https:\/\/harmonyresort.gr\/camping-kourouta\/\" \/>\n<meta property=\"og:locale\" content=\"de_DE\" \/>\n<meta property=\"og:type\" content=\"article\" \/>\n<meta property=\"og:title\" content=\"Camping Kourouta - Harmony Beach Hotel, Kourouta\" \/>\n<meta property=\"og:description\" content=\"Der Kouroutas \u2013 Campingplatz, seit \u00fcber vierzig Jahren in Betrieb, liegt am wundersch\u00f6nen Kouroutas- Strand, in einer gr\u00fcnen Umgebung, nur ein paar Meter vom Meer entfernt. Er verf\u00fcgt \u00fcber angenehme Pl\u00e4tze f\u00fcr Zelte, Wohnwagen und Wohnmobile. BUCHEN SIE JETZT 24 Stunden: +30 26220 22901 \u0391 : Hotel\u0392 : Coffee snack barC : BungalowsD : Camping [&hellip;]\" \/>\n<meta property=\"og:url\" content=\"https:\/\/harmonyresort.gr\/camping-kourouta\/\" \/>\n<meta property=\"og:site_name\" content=\"Harmony Beach Hotel, Kourouta\" \/>\n<meta property=\"article:modified_time\" content=\"2023-02-01T08:58:52+00:00\" \/>\n<meta property=\"og:image\" content=\"https:\/\/harmonyresort.gr\/wp-content\/uploads\/2022\/02\/Harmony-Kourouta-Map.jpg\" \/>\n<meta name=\"twitter:card\" content=\"summary_large_image\" \/>\n<meta name=\"twitter:label1\" content=\"Gesch\u00e4tzte Lesezeit\" \/>\n\t<meta name=\"twitter:data1\" content=\"1\u00a0Minute\" \/>\n<script type=\"application\/ld+json\" class=\"yoast-schema-graph\">{\"@context\":\"https:\/\/schema.org\",\"@graph\":[{\"@type\":\"WebSite\",\"@id\":\"https:\/\/harmonyresort.gr\/#website\",\"url\":\"https:\/\/harmonyresort.gr\/\",\"name\":\"Harmony Beach Hotel, Kourouta\",\"description\":\"Western Peloponnese, Greece\",\"potentialAction\":[{\"@type\":\"SearchAction\",\"target\":{\"@type\":\"EntryPoint\",\"urlTemplate\":\"https:\/\/harmonyresort.gr\/?s={search_term_string}\"},\"query-input\":\"required name=search_term_string\"}],\"inLanguage\":\"de\"},{\"@type\":\"ImageObject\",\"inLanguage\":\"de\",\"@id\":\"https:\/\/harmonyresort.gr\/camping-kourouta\/#primaryimage\",\"url\":\"https:\/\/harmonyresort.gr\/wp-content\/uploads\/2022\/02\/Harmony-Kourouta-Map.jpg\",\"contentUrl\":\"https:\/\/harmonyresort.gr\/wp-content\/uploads\/2022\/02\/Harmony-Kourouta-Map.jpg\",\"width\":2000,\"height\":1602},{\"@type\":\"WebPage\",\"@id\":\"https:\/\/harmonyresort.gr\/camping-kourouta\/#webpage\",\"url\":\"https:\/\/harmonyresort.gr\/camping-kourouta\/\",\"name\":\"Camping Kourouta - Harmony Beach Hotel, Kourouta\",\"isPartOf\":{\"@id\":\"https:\/\/harmonyresort.gr\/#website\"},\"primaryImageOfPage\":{\"@id\":\"https:\/\/harmonyresort.gr\/camping-kourouta\/#primaryimage\"},\"datePublished\":\"2021-09-17T07:34:53+00:00\",\"dateModified\":\"2023-02-01T08:58:52+00:00\",\"breadcrumb\":{\"@id\":\"https:\/\/harmonyresort.gr\/camping-kourouta\/#breadcrumb\"},\"inLanguage\":\"de\",\"potentialAction\":[{\"@type\":\"ReadAction\",\"target\":[\"https:\/\/harmonyresort.gr\/camping-kourouta\/\"]}]},{\"@type\":\"BreadcrumbList\",\"@id\":\"https:\/\/harmonyresort.gr\/camping-kourouta\/#breadcrumb\",\"itemListElement\":[{\"@type\":\"ListItem\",\"position\":1,\"name\":\"\u0391\u03c1\u03c7\u03b9\u03ba\u03ae\",\"item\":\"https:\/\/harmonyresort.gr\/en\/\"},{\"@type\":\"ListItem\",\"position\":2,\"name\":\"Camping Kourouta\"}]}]}<\/script>\n<!-- \/ Yoast SEO plugin. -->","yoast_head_json":{"title":"Camping Kourouta - Harmony Beach Hotel, Kourouta","robots":{"index":"index","follow":"follow","max-snippet":"max-snippet:-1","max-image-preview":"max-image-preview:large","max-video-preview":"max-video-preview:-1"},"canonical":"https:\/\/harmonyresort.gr\/camping-kourouta\/","og_locale":"de_DE","og_type":"article","og_title":"Camping Kourouta - Harmony Beach Hotel, Kourouta","og_description":"Der Kouroutas \u2013 Campingplatz, seit \u00fcber vierzig Jahren in Betrieb, liegt am wundersch\u00f6nen Kouroutas- Strand, in einer gr\u00fcnen Umgebung, nur ein paar Meter vom Meer entfernt. Er verf\u00fcgt \u00fcber angenehme Pl\u00e4tze f\u00fcr Zelte, Wohnwagen und Wohnmobile. BUCHEN SIE JETZT 24 Stunden: +30 26220 22901 \u0391 : Hotel\u0392 : Coffee snack barC : BungalowsD : Camping [&hellip;]","og_url":"https:\/\/harmonyresort.gr\/camping-kourouta\/","og_site_name":"Harmony Beach Hotel, Kourouta","article_modified_time":"2023-02-01T08:58:52+00:00","og_image":[{"url":"https:\/\/harmonyresort.gr\/wp-content\/uploads\/2022\/02\/Harmony-Kourouta-Map.jpg"}],"twitter_card":"summary_large_image","twitter_misc":{"Gesch\u00e4tzte Lesezeit":"1\u00a0Minute"},"schema":{"@context":"https:\/\/schema.org","@graph":[{"@type":"WebSite","@id":"https:\/\/harmonyresort.gr\/#website","url":"https:\/\/harmonyresort.gr\/","name":"Harmony Beach Hotel, Kourouta","description":"Western Peloponnese, Greece","potentialAction":[{"@type":"SearchAction","target":{"@type":"EntryPoint","urlTemplate":"https:\/\/harmonyresort.gr\/?s={search_term_string}"},"query-input":"required name=search_term_string"}],"inLanguage":"de"},{"@type":"ImageObject","inLanguage":"de","@id":"https:\/\/harmonyresort.gr\/camping-kourouta\/#primaryimage","url":"https:\/\/harmonyresort.gr\/wp-content\/uploads\/2022\/02\/Harmony-Kourouta-Map.jpg","contentUrl":"https:\/\/harmonyresort.gr\/wp-content\/uploads\/2022\/02\/Harmony-Kourouta-Map.jpg","width":2000,"height":1602},{"@type":"WebPage","@id":"https:\/\/harmonyresort.gr\/camping-kourouta\/#webpage","url":"https:\/\/harmonyresort.gr\/camping-kourouta\/","name":"Camping Kourouta - Harmony Beach Hotel, Kourouta","isPartOf":{"@id":"https:\/\/harmonyresort.gr\/#website"},"primaryImageOfPage":{"@id":"https:\/\/harmonyresort.gr\/camping-kourouta\/#primaryimage"},"datePublished":"2021-09-17T07:34:53+00:00","dateModified":"2023-02-01T08:58:52+00:00","breadcrumb":{"@id":"https:\/\/harmonyresort.gr\/camping-kourouta\/#breadcrumb"},"inLanguage":"de","potentialAction":[{"@type":"ReadAction","target":["https:\/\/harmonyresort.gr\/camping-kourouta\/"]}]},{"@type":"BreadcrumbList","@id":"https:\/\/harmonyresort.gr\/camping-kourouta\/#breadcrumb","itemListElement":[{"@type":"ListItem","position":1,"name":"\u0391\u03c1\u03c7\u03b9\u03ba\u03ae","item":"https:\/\/harmonyresort.gr\/en\/"},{"@type":"ListItem","position":2,"name":"Camping Kourouta"}]}]}},"_links":{"self":[{"href":"https:\/\/harmonyresort.gr\/de\/wp-json\/wp\/v2\/pages\/10425","targetHints":{"allow":["GET"]}}],"collection":[{"href":"https:\/\/harmonyresort.gr\/de\/wp-json\/wp\/v2\/pages"}],"about":[{"href":"https:\/\/harmonyresort.gr\/de\/wp-json\/wp\/v2\/types\/page"}],"author":[{"embeddable":true,"href":"https:\/\/harmonyresort.gr\/de\/wp-json\/wp\/v2\/users\/1"}],"replies":[{"embeddable":true,"href":"https:\/\/harmonyresort.gr\/de\/wp-json\/wp\/v2\/comments?post=10425"}],"version-history":[{"count":17,"href":"https:\/\/harmonyresort.gr\/de\/wp-json\/wp\/v2\/pages\/10425\/revisions"}],"predecessor-version":[{"id":11605,"href":"https:\/\/harmonyresort.gr\/de\/wp-json\/wp\/v2\/pages\/10425\/revisions\/11605"}],"wp:attachment":[{"href":"https:\/\/harmonyresort.gr\/de\/wp-json\/wp\/v2\/media?parent=10425"}],"curies":[{"name":"wp","href":"https:\/\/api.w.org\/{rel}","templated":true}]}}