{"id":10439,"date":"2021-03-26T06:46:16","date_gmt":"2021-03-26T06:46:16","guid":{"rendered":"https:\/\/harmonyresort.gr\/bungalows\/"},"modified":"2026-04-14T15:28:14","modified_gmt":"2026-04-14T12:28:14","slug":"bungalows","status":"publish","type":"page","link":"https:\/\/harmonyresort.gr\/de\/bungalows\/","title":{"rendered":"\u0392ungalows"},"content":{"rendered":"\t\t<div data-elementor-type=\"wp-page\" data-elementor-id=\"10439\" class=\"elementor elementor-10439 elementor-2108\" data-elementor-settings=\"[]\">\n\t\t\t\t\t\t\t<div class=\"elementor-section-wrap\">\n\t\t\t\t\t\t\t<section class=\"elementor-section elementor-top-section elementor-element elementor-element-e56a0cd elementor-section-boxed elementor-section-gap-beside-yes elementor-section-height-default elementor-section-height-default elementor-section-column-vertical-align-stretch\" data-id=\"e56a0cd\" data-element_type=\"section\">\n\t\t\t\t\t\t<div class=\"elementor-container elementor-column-gap-extended\">\n\t\t\t\t\t<div class=\"elementor-column elementor-col-100 elementor-top-column elementor-element elementor-element-0b4465f\" data-id=\"0b4465f\" data-element_type=\"column\">\n\t\t\t<div class=\"elementor-widget-wrap elementor-element-populated\">\n\t\t\t\t\t\t\t\t<div class=\"elementor-element elementor-element-c5bfb65 elementor-widget__width-initial elementor-invisible elementor-widget elementor-widget-text-editor\" data-id=\"c5bfb65\" data-element_type=\"widget\" data-settings=\"{&quot;_animation&quot;:&quot;nussFadeInUp&quot;}\" data-widget_type=\"text-editor.default\">\n\t\t\t\t<div class=\"elementor-widget-container\">\n\t\t\t<style>\/*! elementor - v3.5.5 - 03-02-2022 *\/\n.elementor-widget-text-editor.elementor-drop-cap-view-stacked .elementor-drop-cap{background-color:#818a91;color:#fff}.elementor-widget-text-editor.elementor-drop-cap-view-framed .elementor-drop-cap{color:#818a91;border:3px solid;background-color:transparent}.elementor-widget-text-editor:not(.elementor-drop-cap-view-default) .elementor-drop-cap{margin-top:8px}.elementor-widget-text-editor:not(.elementor-drop-cap-view-default) .elementor-drop-cap-letter{width:1em;height:1em}.elementor-widget-text-editor .elementor-drop-cap{float:left;text-align:center;line-height:1;font-size:50px}.elementor-widget-text-editor .elementor-drop-cap-letter{display:inline-block}<\/style>\t\t\t\tAutonome Bungalows, 35qm, optimal f\u00fcr vierk\u00f6pfige Familien, 40m vom Strand entfernt und von dichter Bepflanzung umgeben, bieten sorglose, idyllische Ferien f\u00fcr Naturliebhaber. \t\t\t\t\t\t<\/div>\n\t\t\t\t<\/div>\n\t\t\t\t<div class=\"elementor-element elementor-element-a898a62 elementor-align-center elementor-widget elementor-widget-button\" data-id=\"a898a62\" data-element_type=\"widget\" data-widget_type=\"button.default\">\n\t\t\t\t<div class=\"elementor-widget-container\">\n\t\t\t\t\t<div class=\"elementor-button-wrapper\">\n\t\t\t<a href=\"https:\/\/harmonyresort.reserve-online.net\/\" class=\"elementor-button-link elementor-button elementor-size-sm\" role=\"button\">\n\t\t\t\t\t\t<span class=\"elementor-button-content-wrapper\">\n\t\t\t\t\t\t<span class=\"elementor-button-text\">BUCHEN SIE JETZT<\/span>\n\t\t<\/span>\n\t\t\t\t\t<\/a>\n\t\t<\/div>\n\t\t\t\t<\/div>\n\t\t\t\t<\/div>\n\t\t\t\t<div class=\"elementor-element elementor-element-4ff3abf elementor-widget elementor-widget-text-editor\" data-id=\"4ff3abf\" data-element_type=\"widget\" data-widget_type=\"text-editor.default\">\n\t\t\t\t<div class=\"elementor-widget-container\">\n\t\t\t\t\t\t\tRuf uns um: <a href=\"tel:26220 24921\">+30 26220 24921 <\/a> \t\t\t\t\t\t<\/div>\n\t\t\t\t<\/div>\n\t\t\t\t\t<\/div>\n\t\t<\/div>\n\t\t\t\t\t\t\t<\/div>\n\t\t<\/section>\n\t\t\t\t<section class=\"elementor-section elementor-top-section elementor-element elementor-element-2c777fa elementor-section-stretched elementor-section-boxed elementor-section-gap-beside-yes elementor-section-height-default elementor-section-height-default elementor-section-column-vertical-align-stretch elementor-invisible nuss-elementor-loading nuss-slide-in-up\" data-id=\"2c777fa\" data-element_type=\"section\" data-settings=\"{&quot;animation&quot;:&quot;nussSlideInUp&quot;,&quot;stretch_section&quot;:&quot;section-stretched&quot;,&quot;background_background&quot;:&quot;classic&quot;}\">\n\t\t\t\t\t\t\t<div class=\"elementor-background-overlay\"><\/div>\n\t\t\t\t\t\t\t<div class=\"elementor-container elementor-column-gap-extended\">\n\t\t\t\t\t<div class=\"elementor-column elementor-col-100 elementor-top-column elementor-element elementor-element-a278c6f\" data-id=\"a278c6f\" data-element_type=\"column\">\n\t\t\t<div class=\"elementor-widget-wrap elementor-element-populated\">\n\t\t\t\t\t\t\t\t<div class=\"elementor-element elementor-element-54d90a3 elementor-widget elementor-widget-nuss-heading\" data-id=\"54d90a3\" data-element_type=\"widget\" data-widget_type=\"nuss-heading.default\">\n\t\t\t\t<div class=\"elementor-widget-container\">\n\t\t\t\t\t<div class=\"nuss-modern-heading\">\n\t\t\t\t\t<div class=\"heading-secondary-wrap\">\n\t\t\t<span class=\"heading-secondary elementor-heading-title\"> WUNDERSCH\u00d6NE LAGE\n<\/span>\t\t<\/div>\n\t\t\n\t\t\t\t\t<div class=\"heading-primary-wrap\">\n\t\t\t<h2 class=\"heading-primary elementor-heading-title\">Unsere Landschaft profitiert von den Vorteilen der Natur und gleichzeitig von ihrer geographischen Lage: sehr nah am Autobahnnetz, 78km von der Stadt und vom Hafen von Patras, 30km vom Kyllini- Hafen, 54km vom Araxos- Flughafen und nur 35km von der antiken Olympia- St\u00e4tte entfernt, ist sie ein idealer Startpunkt f\u00fcr Ausfl\u00fcge in die besondere nat\u00fcrliche Sch\u00f6nheit und in die Geschichte des westlichen Peloponnes.<\/h2>\t\t<\/div>\n\t\t\n\t\t\t\n\t\t\t\t\t<\/div>\n\t\t\t\t<\/div>\n\t\t\t\t<\/div>\n\t\t\t\t\t<\/div>\n\t\t<\/div>\n\t\t\t\t\t\t\t<\/div>\n\t\t<\/section>\n\t\t\t\t<section class=\"elementor-section elementor-top-section elementor-element elementor-element-8339aed elementor-section-boxed elementor-section-gap-beside-yes elementor-section-height-default elementor-section-height-default elementor-section-column-vertical-align-stretch\" data-id=\"8339aed\" data-element_type=\"section\">\n\t\t\t\t\t\t<div class=\"elementor-container elementor-column-gap-extended\">\n\t\t\t\t\t<div class=\"elementor-column elementor-col-100 elementor-top-column elementor-element elementor-element-24d8af3\" data-id=\"24d8af3\" data-element_type=\"column\">\n\t\t\t<div class=\"elementor-widget-wrap elementor-element-populated\">\n\t\t\t\t\t\t\t\t<div class=\"elementor-element elementor-element-cd863cd elementor-invisible elementor-widget elementor-widget-heading\" data-id=\"cd863cd\" data-element_type=\"widget\" data-settings=\"{&quot;_animation&quot;:&quot;nussFadeInUp&quot;}\" data-widget_type=\"heading.default\">\n\t\t\t\t<div class=\"elementor-widget-container\">\n\t\t\t<style>\/*! elementor - v3.5.5 - 03-02-2022 *\/\n.elementor-heading-title{padding:0;margin:0;line-height:1}.elementor-widget-heading .elementor-heading-title[class*=elementor-size-]>a{color:inherit;font-size:inherit;line-height:inherit}.elementor-widget-heading .elementor-heading-title.elementor-size-small{font-size:15px}.elementor-widget-heading .elementor-heading-title.elementor-size-medium{font-size:19px}.elementor-widget-heading .elementor-heading-title.elementor-size-large{font-size:29px}.elementor-widget-heading .elementor-heading-title.elementor-size-xl{font-size:39px}.elementor-widget-heading .elementor-heading-title.elementor-size-xxl{font-size:59px}<\/style><h2 class=\"elementor-heading-title elementor-size-default\">Unsere Dienstleistungen<\/h2>\t\t<\/div>\n\t\t\t\t<\/div>\n\t\t\t\t<div class=\"elementor-element elementor-element-23122dd elementor-invisible elementor-widget elementor-widget-text-editor\" data-id=\"23122dd\" data-element_type=\"widget\" data-settings=\"{&quot;_animation&quot;:&quot;nussFadeInUp&quot;}\" data-widget_type=\"text-editor.default\">\n\t\t\t\t<div class=\"elementor-widget-container\">\n\t\t\t\t\t\t\tF\u00fcr weitere Informationen treten Sie mit uns in Kontakt.\n\t\t\t\t\t\t<\/div>\n\t\t\t\t<\/div>\n\t\t\t\t<section class=\"elementor-section elementor-inner-section elementor-element elementor-element-40ed5a4 elementor-section-boxed elementor-section-gap-beside-yes elementor-section-height-default elementor-section-height-default elementor-section-column-vertical-align-stretch\" data-id=\"40ed5a4\" data-element_type=\"section\">\n\t\t\t\t\t\t<div class=\"elementor-container elementor-column-gap-extended\">\n\t\t\t\t\t<div class=\"elementor-column elementor-col-50 elementor-inner-column elementor-element elementor-element-6305cc0\" data-id=\"6305cc0\" data-element_type=\"column\">\n\t\t\t<div class=\"elementor-widget-wrap elementor-element-populated\">\n\t\t\t\t\t\t\t\t<div class=\"elementor-element elementor-element-f53bd83 elementor-invisible nuss-elementor-loading nuss-slide-in-right elementor-widget elementor-widget-image\" data-id=\"f53bd83\" data-element_type=\"widget\" data-settings=\"{&quot;_animation&quot;:&quot;nussSlideInRight&quot;}\" data-widget_type=\"image.default\">\n\t\t\t\t<div class=\"elementor-widget-container\">\n\t\t\t<style>\/*! elementor - v3.5.5 - 03-02-2022 *\/\n.elementor-widget-image{text-align:center}.elementor-widget-image a{display:inline-block}.elementor-widget-image a img[src$=\".svg\"]{width:48px}.elementor-widget-image img{vertical-align:middle;display:inline-block}<\/style>\t\t\t\t\t\t\t\t\t\t\t\t<img loading=\"lazy\" decoding=\"async\" width=\"1920\" height=\"1280\" src=\"https:\/\/harmonyresort.gr\/wp-content\/uploads\/2025\/12\/DSC24460-Copy.jpg\" class=\"attachment-full size-full\" alt=\"\" srcset=\"https:\/\/harmonyresort.gr\/wp-content\/uploads\/2025\/12\/DSC24460-Copy.jpg 1920w, https:\/\/harmonyresort.gr\/wp-content\/uploads\/2025\/12\/DSC24460-Copy-300x200.jpg 300w, https:\/\/harmonyresort.gr\/wp-content\/uploads\/2025\/12\/DSC24460-Copy-1024x683.jpg 1024w, https:\/\/harmonyresort.gr\/wp-content\/uploads\/2025\/12\/DSC24460-Copy-768x512.jpg 768w, https:\/\/harmonyresort.gr\/wp-content\/uploads\/2025\/12\/DSC24460-Copy-1536x1024.jpg 1536w\" sizes=\"auto, (max-width: 1920px) 100vw, 1920px\" \/>\t\t\t\t\t\t\t\t\t\t\t\t\t\t\t<\/div>\n\t\t\t\t<\/div>\n\t\t\t\t\t<\/div>\n\t\t<\/div>\n\t\t\t\t<div class=\"elementor-column elementor-col-50 elementor-inner-column elementor-element elementor-element-8c7af75\" data-id=\"8c7af75\" data-element_type=\"column\">\n\t\t\t<div class=\"elementor-widget-wrap elementor-element-populated\">\n\t\t\t\t\t\t\t\t<div class=\"elementor-element elementor-element-cbb2b16 elementor-invisible elementor-widget elementor-widget-heading\" data-id=\"cbb2b16\" data-element_type=\"widget\" data-settings=\"{&quot;_animation&quot;:&quot;nussFadeInUp&quot;}\" data-widget_type=\"heading.default\">\n\t\t\t\t<div class=\"elementor-widget-container\">\n\t\t\t<h3 class=\"elementor-heading-title elementor-size-default\">Dienste- Leistungen<\/h3>\t\t<\/div>\n\t\t\t\t<\/div>\n\t\t\t\t<div class=\"elementor-element elementor-element-8251470 elementor-invisible elementor-widget elementor-widget-text-editor\" data-id=\"8251470\" data-element_type=\"widget\" data-settings=\"{&quot;_animation&quot;:&quot;nussFadeInUp&quot;}\" data-widget_type=\"text-editor.default\">\n\t\t\t\t<div class=\"elementor-widget-container\">\n\t\t\t\t\t\t\t<ul>\n \t<li>Reicher Fr\u00fchst\u00fcckb\u00fcffet<\/li>\n \t <li>Klimaanlage<\/li>\n \t<li>Privatbadezimmer mit Dusche<\/li>\n \t<li>Komplett ausgestattete Kochecke mit K\u00fchlschrank<\/li>\n \t  <li>Kostenloser Parkplatz<\/li>\n \t<li>Fernseher<\/li>\n \t <li>WiFi kostenlos<\/li>\n \t<li>T\u00e4gliche S\u00e4uberung<\/li>\n <li>Bettw\u00e4schewechsel jede 3 Tage<\/li>\n \t <\/ul>\n\t\t\t\t\t\t<\/div>\n\t\t\t\t<\/div>\n\t\t\t\t\t<\/div>\n\t\t<\/div>\n\t\t\t\t\t\t\t<\/div>\n\t\t<\/section>\n\t\t\t\t<section class=\"elementor-section elementor-inner-section elementor-element elementor-element-18bbaf4 elementor-section-boxed elementor-section-gap-beside-yes elementor-section-height-default elementor-section-height-default elementor-section-column-vertical-align-stretch\" data-id=\"18bbaf4\" data-element_type=\"section\">\n\t\t\t\t\t\t<div class=\"elementor-container elementor-column-gap-extended\">\n\t\t\t\t\t<div class=\"elementor-column elementor-col-50 elementor-inner-column elementor-element elementor-element-b592f99\" data-id=\"b592f99\" data-element_type=\"column\">\n\t\t\t<div class=\"elementor-widget-wrap elementor-element-populated\">\n\t\t\t\t\t\t\t\t<div class=\"elementor-element elementor-element-fec5a6a elementor-invisible nuss-elementor-loading nuss-slide-in-right elementor-widget elementor-widget-image\" data-id=\"fec5a6a\" data-element_type=\"widget\" data-settings=\"{&quot;_animation&quot;:&quot;nussSlideInRight&quot;}\" data-widget_type=\"image.default\">\n\t\t\t\t<div class=\"elementor-widget-container\">\n\t\t\t\t\t\t\t\t\t\t\t\t\t\t\t<img loading=\"lazy\" decoding=\"async\" width=\"1920\" height=\"1280\" src=\"https:\/\/harmonyresort.gr\/wp-content\/uploads\/2025\/12\/DSC24468-Copy.jpg\" class=\"attachment-full size-full\" alt=\"\" srcset=\"https:\/\/harmonyresort.gr\/wp-content\/uploads\/2025\/12\/DSC24468-Copy.jpg 1920w, https:\/\/harmonyresort.gr\/wp-content\/uploads\/2025\/12\/DSC24468-Copy-300x200.jpg 300w, https:\/\/harmonyresort.gr\/wp-content\/uploads\/2025\/12\/DSC24468-Copy-1024x683.jpg 1024w, https:\/\/harmonyresort.gr\/wp-content\/uploads\/2025\/12\/DSC24468-Copy-768x512.jpg 768w, https:\/\/harmonyresort.gr\/wp-content\/uploads\/2025\/12\/DSC24468-Copy-1536x1024.jpg 1536w\" sizes=\"auto, (max-width: 1920px) 100vw, 1920px\" \/>\t\t\t\t\t\t\t\t\t\t\t\t\t\t\t<\/div>\n\t\t\t\t<\/div>\n\t\t\t\t\t<\/div>\n\t\t<\/div>\n\t\t\t\t<div class=\"elementor-column elementor-col-50 elementor-inner-column elementor-element elementor-element-e2c0f75\" data-id=\"e2c0f75\" data-element_type=\"column\">\n\t\t\t<div class=\"elementor-widget-wrap elementor-element-populated\">\n\t\t\t\t\t\t\t\t<div class=\"elementor-element elementor-element-ca3c19a elementor-invisible elementor-widget elementor-widget-heading\" data-id=\"ca3c19a\" data-element_type=\"widget\" data-settings=\"{&quot;_animation&quot;:&quot;nussFadeInUp&quot;}\" data-widget_type=\"heading.default\">\n\t\t\t\t<div class=\"elementor-widget-container\">\n\t\t\t<h3 class=\"elementor-heading-title elementor-size-default\">Betriebsordnung<\/h3>\t\t<\/div>\n\t\t\t\t<\/div>\n\t\t\t\t<div class=\"elementor-element elementor-element-545a5ef elementor-invisible elementor-widget elementor-widget-text-editor\" data-id=\"545a5ef\" data-element_type=\"widget\" data-settings=\"{&quot;_animation&quot;:&quot;nussFadeInUp&quot;}\" data-widget_type=\"text-editor.default\">\n\t\t\t\t<div class=\"elementor-widget-container\">\n\t\t\t\t\t\t\t<ul><li>Check in: 15.00<\/li><li>Check out: 11.00<br \/><strong><br \/>Absagepolitik:<\/strong> <br \/><br \/>F\u00fcr Buchungsabsagen mindestens 21 Tage vor Ankunft wird der gesamte Voranzahlungsbetrag r\u00fcckerstattet.<br \/>F\u00fcr Buchungsabsagen 7-21 Tage vor Ankunft wird 50% des Voranzahlungsbetrags r\u00fcckerstattet.<br \/><br \/>F\u00fcr Buchungsabsagen 1-7 Tage vor Ankunft wird die Voranzahlung nicht r\u00fcckerstattet.Wenn der Kunde zur geplanten Buchungszeit gar nicht erscheint, so ist der gesamte Buchungsbetrag zu bezahlen.<\/li><\/ul>\t\t\t\t\t\t<\/div>\n\t\t\t\t<\/div>\n\t\t\t\t\t<\/div>\n\t\t<\/div>\n\t\t\t\t\t\t\t<\/div>\n\t\t<\/section>\n\t\t\t\t\t<\/div>\n\t\t<\/div>\n\t\t\t\t\t\t\t<\/div>\n\t\t<\/section>\n\t\t\t\t\t\t<\/div>\n\t\t\t\t\t<\/div>\n\t\t","protected":false},"excerpt":{"rendered":"<p>Autonome Bungalows, 35qm, optimal f\u00fcr vierk\u00f6pfige Familien, 40m vom Strand entfernt und von dichter Bepflanzung umgeben, bieten sorglose, idyllische Ferien f\u00fcr Naturliebhaber. BUCHEN SIE JETZT Ruf uns um: +30 26220 24921 WUNDERSCH\u00d6NE LAGE Unsere Landschaft profitiert von den Vorteilen der Natur und gleichzeitig von ihrer geographischen Lage: sehr nah am Autobahnnetz, 78km von der Stadt [&hellip;]<\/p>\n","protected":false},"author":1,"featured_media":0,"parent":0,"menu_order":0,"comment_status":"closed","ping_status":"closed","template":"elementor_header_footer","meta":{"footnotes":""},"class_list":["post-10439","page","type-page","status-publish","hentry","post-no-thumbnail"],"yoast_head":"<!-- This site is optimized with the Yoast SEO plugin v19.1 - https:\/\/yoast.com\/wordpress\/plugins\/seo\/ -->\n<title>\u0392ungalows - Harmony Beach Hotel, Kourouta<\/title>\n<meta name=\"robots\" content=\"index, follow, max-snippet:-1, max-image-preview:large, max-video-preview:-1\" \/>\n<link rel=\"canonical\" href=\"https:\/\/harmonyresort.gr\/bungalows\/\" \/>\n<meta property=\"og:locale\" content=\"de_DE\" \/>\n<meta property=\"og:type\" content=\"article\" \/>\n<meta property=\"og:title\" content=\"\u0392ungalows - Harmony Beach Hotel, Kourouta\" \/>\n<meta property=\"og:description\" content=\"Autonome Bungalows, 35qm, optimal f\u00fcr vierk\u00f6pfige Familien, 40m vom Strand entfernt und von dichter Bepflanzung umgeben, bieten sorglose, idyllische Ferien f\u00fcr Naturliebhaber. BUCHEN SIE JETZT Ruf uns um: +30 26220 24921 WUNDERSCH\u00d6NE LAGE Unsere Landschaft profitiert von den Vorteilen der Natur und gleichzeitig von ihrer geographischen Lage: sehr nah am Autobahnnetz, 78km von der Stadt [&hellip;]\" \/>\n<meta property=\"og:url\" content=\"https:\/\/harmonyresort.gr\/bungalows\/\" \/>\n<meta property=\"og:site_name\" content=\"Harmony Beach Hotel, Kourouta\" \/>\n<meta property=\"article:modified_time\" content=\"2026-04-14T12:28:14+00:00\" \/>\n<meta property=\"og:image\" content=\"https:\/\/harmonyresort.gr\/wp-content\/uploads\/2025\/12\/DSC24460-Copy.jpg\" \/>\n<meta name=\"twitter:card\" content=\"summary_large_image\" \/>\n<meta name=\"twitter:label1\" content=\"Gesch\u00e4tzte Lesezeit\" \/>\n\t<meta name=\"twitter:data1\" content=\"2\u00a0Minuten\" \/>\n<script type=\"application\/ld+json\" class=\"yoast-schema-graph\">{\"@context\":\"https:\/\/schema.org\",\"@graph\":[{\"@type\":\"WebSite\",\"@id\":\"https:\/\/harmonyresort.gr\/#website\",\"url\":\"https:\/\/harmonyresort.gr\/\",\"name\":\"Harmony Beach Hotel, Kourouta\",\"description\":\"Western Peloponnese, Greece\",\"potentialAction\":[{\"@type\":\"SearchAction\",\"target\":{\"@type\":\"EntryPoint\",\"urlTemplate\":\"https:\/\/harmonyresort.gr\/?s={search_term_string}\"},\"query-input\":\"required name=search_term_string\"}],\"inLanguage\":\"de\"},{\"@type\":\"ImageObject\",\"inLanguage\":\"de\",\"@id\":\"https:\/\/harmonyresort.gr\/bungalows\/#primaryimage\",\"url\":\"https:\/\/harmonyresort.gr\/wp-content\/uploads\/2025\/12\/DSC24460-Copy.jpg\",\"contentUrl\":\"https:\/\/harmonyresort.gr\/wp-content\/uploads\/2025\/12\/DSC24460-Copy.jpg\",\"width\":1920,\"height\":1280},{\"@type\":\"WebPage\",\"@id\":\"https:\/\/harmonyresort.gr\/bungalows\/#webpage\",\"url\":\"https:\/\/harmonyresort.gr\/bungalows\/\",\"name\":\"\u0392ungalows - Harmony Beach Hotel, Kourouta\",\"isPartOf\":{\"@id\":\"https:\/\/harmonyresort.gr\/#website\"},\"primaryImageOfPage\":{\"@id\":\"https:\/\/harmonyresort.gr\/bungalows\/#primaryimage\"},\"datePublished\":\"2021-03-26T06:46:16+00:00\",\"dateModified\":\"2026-04-14T12:28:14+00:00\",\"breadcrumb\":{\"@id\":\"https:\/\/harmonyresort.gr\/bungalows\/#breadcrumb\"},\"inLanguage\":\"de\",\"potentialAction\":[{\"@type\":\"ReadAction\",\"target\":[\"https:\/\/harmonyresort.gr\/bungalows\/\"]}]},{\"@type\":\"BreadcrumbList\",\"@id\":\"https:\/\/harmonyresort.gr\/bungalows\/#breadcrumb\",\"itemListElement\":[{\"@type\":\"ListItem\",\"position\":1,\"name\":\"\u0391\u03c1\u03c7\u03b9\u03ba\u03ae\",\"item\":\"https:\/\/harmonyresort.gr\/\"},{\"@type\":\"ListItem\",\"position\":2,\"name\":\"\u0392ungalows\"}]}]}<\/script>\n<!-- \/ Yoast SEO plugin. -->","yoast_head_json":{"title":"\u0392ungalows - Harmony Beach Hotel, Kourouta","robots":{"index":"index","follow":"follow","max-snippet":"max-snippet:-1","max-image-preview":"max-image-preview:large","max-video-preview":"max-video-preview:-1"},"canonical":"https:\/\/harmonyresort.gr\/bungalows\/","og_locale":"de_DE","og_type":"article","og_title":"\u0392ungalows - Harmony Beach Hotel, Kourouta","og_description":"Autonome Bungalows, 35qm, optimal f\u00fcr vierk\u00f6pfige Familien, 40m vom Strand entfernt und von dichter Bepflanzung umgeben, bieten sorglose, idyllische Ferien f\u00fcr Naturliebhaber. BUCHEN SIE JETZT Ruf uns um: +30 26220 24921 WUNDERSCH\u00d6NE LAGE Unsere Landschaft profitiert von den Vorteilen der Natur und gleichzeitig von ihrer geographischen Lage: sehr nah am Autobahnnetz, 78km von der Stadt [&hellip;]","og_url":"https:\/\/harmonyresort.gr\/bungalows\/","og_site_name":"Harmony Beach Hotel, Kourouta","article_modified_time":"2026-04-14T12:28:14+00:00","og_image":[{"url":"https:\/\/harmonyresort.gr\/wp-content\/uploads\/2025\/12\/DSC24460-Copy.jpg"}],"twitter_card":"summary_large_image","twitter_misc":{"Gesch\u00e4tzte Lesezeit":"2\u00a0Minuten"},"schema":{"@context":"https:\/\/schema.org","@graph":[{"@type":"WebSite","@id":"https:\/\/harmonyresort.gr\/#website","url":"https:\/\/harmonyresort.gr\/","name":"Harmony Beach Hotel, Kourouta","description":"Western Peloponnese, Greece","potentialAction":[{"@type":"SearchAction","target":{"@type":"EntryPoint","urlTemplate":"https:\/\/harmonyresort.gr\/?s={search_term_string}"},"query-input":"required name=search_term_string"}],"inLanguage":"de"},{"@type":"ImageObject","inLanguage":"de","@id":"https:\/\/harmonyresort.gr\/bungalows\/#primaryimage","url":"https:\/\/harmonyresort.gr\/wp-content\/uploads\/2025\/12\/DSC24460-Copy.jpg","contentUrl":"https:\/\/harmonyresort.gr\/wp-content\/uploads\/2025\/12\/DSC24460-Copy.jpg","width":1920,"height":1280},{"@type":"WebPage","@id":"https:\/\/harmonyresort.gr\/bungalows\/#webpage","url":"https:\/\/harmonyresort.gr\/bungalows\/","name":"\u0392ungalows - Harmony Beach Hotel, Kourouta","isPartOf":{"@id":"https:\/\/harmonyresort.gr\/#website"},"primaryImageOfPage":{"@id":"https:\/\/harmonyresort.gr\/bungalows\/#primaryimage"},"datePublished":"2021-03-26T06:46:16+00:00","dateModified":"2026-04-14T12:28:14+00:00","breadcrumb":{"@id":"https:\/\/harmonyresort.gr\/bungalows\/#breadcrumb"},"inLanguage":"de","potentialAction":[{"@type":"ReadAction","target":["https:\/\/harmonyresort.gr\/bungalows\/"]}]},{"@type":"BreadcrumbList","@id":"https:\/\/harmonyresort.gr\/bungalows\/#breadcrumb","itemListElement":[{"@type":"ListItem","position":1,"name":"\u0391\u03c1\u03c7\u03b9\u03ba\u03ae","item":"https:\/\/harmonyresort.gr\/"},{"@type":"ListItem","position":2,"name":"\u0392ungalows"}]}]}},"_links":{"self":[{"href":"https:\/\/harmonyresort.gr\/de\/wp-json\/wp\/v2\/pages\/10439","targetHints":{"allow":["GET"]}}],"collection":[{"href":"https:\/\/harmonyresort.gr\/de\/wp-json\/wp\/v2\/pages"}],"about":[{"href":"https:\/\/harmonyresort.gr\/de\/wp-json\/wp\/v2\/types\/page"}],"author":[{"embeddable":true,"href":"https:\/\/harmonyresort.gr\/de\/wp-json\/wp\/v2\/users\/1"}],"replies":[{"embeddable":true,"href":"https:\/\/harmonyresort.gr\/de\/wp-json\/wp\/v2\/comments?post=10439"}],"version-history":[{"count":25,"href":"https:\/\/harmonyresort.gr\/de\/wp-json\/wp\/v2\/pages\/10439\/revisions"}],"predecessor-version":[{"id":12296,"href":"https:\/\/harmonyresort.gr\/de\/wp-json\/wp\/v2\/pages\/10439\/revisions\/12296"}],"wp:attachment":[{"href":"https:\/\/harmonyresort.gr\/de\/wp-json\/wp\/v2\/media?parent=10439"}],"curies":[{"name":"wp","href":"https:\/\/api.w.org\/{rel}","templated":true}]}}