{"id":8069,"date":"2021-03-26T08:35:58","date_gmt":"2021-03-26T08:35:58","guid":{"rendered":"https:\/\/harmonyresort.gr\/services\/"},"modified":"2025-12-09T13:57:53","modified_gmt":"2025-12-09T10:57:53","slug":"services","status":"publish","type":"page","link":"https:\/\/harmonyresort.gr\/de\/services\/","title":{"rendered":"Dienstleistungen"},"content":{"rendered":"\t\t<div data-elementor-type=\"wp-page\" data-elementor-id=\"8069\" class=\"elementor elementor-8069 elementor-2109\" data-elementor-settings=\"[]\">\n\t\t\t\t\t\t\t<div class=\"elementor-section-wrap\">\n\t\t\t\t\t\t\t<section class=\"elementor-section elementor-top-section elementor-element elementor-element-bb2901b elementor-section-boxed elementor-section-gap-beside-yes elementor-section-height-default elementor-section-height-default elementor-section-column-vertical-align-stretch\" data-id=\"bb2901b\" data-element_type=\"section\">\n\t\t\t\t\t\t<div class=\"elementor-container elementor-column-gap-extended\">\n\t\t\t\t\t<div class=\"elementor-column elementor-col-100 elementor-top-column elementor-element elementor-element-1919db9\" data-id=\"1919db9\" data-element_type=\"column\">\n\t\t\t<div class=\"elementor-widget-wrap elementor-element-populated\">\n\t\t\t\t\t\t\t\t<div class=\"elementor-element elementor-element-41a7b9c elementor-widget__width-initial elementor-invisible elementor-widget elementor-widget-text-editor\" data-id=\"41a7b9c\" data-element_type=\"widget\" data-settings=\"{&quot;_animation&quot;:&quot;nussFadeInUp&quot;}\" data-widget_type=\"text-editor.default\">\n\t\t\t\t<div class=\"elementor-widget-container\">\n\t\t\t<style>\/*! elementor - v3.5.5 - 03-02-2022 *\/\n.elementor-widget-text-editor.elementor-drop-cap-view-stacked .elementor-drop-cap{background-color:#818a91;color:#fff}.elementor-widget-text-editor.elementor-drop-cap-view-framed .elementor-drop-cap{color:#818a91;border:3px solid;background-color:transparent}.elementor-widget-text-editor:not(.elementor-drop-cap-view-default) .elementor-drop-cap{margin-top:8px}.elementor-widget-text-editor:not(.elementor-drop-cap-view-default) .elementor-drop-cap-letter{width:1em;height:1em}.elementor-widget-text-editor .elementor-drop-cap{float:left;text-align:center;line-height:1;font-size:50px}.elementor-widget-text-editor .elementor-drop-cap-letter{display:inline-block}<\/style>\t\t\t\tUnsere langj\u00e4hrige Erfahrung garantiert herzliche Gastfreundschaft mit hochwertigen Dienstleistungen und Einrichtungen! Minimarkt, Caf\u00e9-Bar, Taverne mit traditioneller griechischer K\u00fcche und reichhaltigem Fr\u00fchst\u00fcck mit Blick auf das Ionische Meer! \t\t\t\t\t\t<\/div>\n\t\t\t\t<\/div>\n\t\t\t\t<div class=\"elementor-element elementor-element-a594d7f nuss-modern-carousel-style-03 elementor-widget__width-initial animated-slow bullets-v-align-below elementor-invisible elementor-widget elementor-widget-nuss-modern-carousel\" data-id=\"a594d7f\" data-element_type=\"widget\" data-settings=\"{&quot;_animation&quot;:&quot;fadeIn&quot;}\" data-widget_type=\"nuss-modern-carousel.default\">\n\t\t\t\t<div class=\"elementor-widget-container\">\n\t\t\t\t\t<div class=\"nuss-modern-carousel\">\n\t\t\t\n\t\t<div  class=\"nuss-swiper nuss-slider-widget pagination-style-01 bullets-horizontal bullets-h-align-center bullets-v-align-below\" data-lg-items=\"4\" data-md-items=\"3\" data-sm-items=\"3\" data-lg-gutter=\"30\" data-pagination-aligned-by=\"slider\" data-pagination=\"1\" data-free-mode=\"1\" data-simulate-touch=\"1\" data-speed=\"1000\" data-effect=\"slide\">\n\t\t\t<div class=\"swiper-inner\">\n\n\t\t\t\t\n\t\t\t\t<div class=\"swiper-container\">\n\t\t\t\t\t<div class=\"swiper-wrapper\">\n\t\t\t\t\t\t\t\t\t<div class=\"swiper-slide elementor-repeater-item-da02db8\">\n\t\t\t\t<div class=\"nuss-box slide-wrapper\">\n\t\t\t\t\t\t\t\t\t<div class=\"slide-image nuss-image\">\n\t\t\t\t\t\t\t\t\t\t\t\t\t\t\t\t\t\t\t\t<div class=\"slide-overlay\"><\/div>\n\t\t\t\t\t\t\t\t\t\t\t<\/div>\n\n\t\t\t\t\t<div class=\"slide-icon nuss-icon\">\n\t\t\t\t\t\t<i class=\"fal fa-shopping-basket\"><\/i>\t\t\t\t\t<\/div>\n\n\t\t\t\t\t<div class=\"slide-content\">\n\t\t\t\t\t\t<div class=\"slide-layers\">\n\t\t\t\t\t\t\t\n\t\t\t\t\t\t\t\n\t\t\t\t\t\t\t\t\t\t\t\t\t\t\t<div class=\"slide-layer-wrap description-wrap\">\n\t\t\t\t\t\t\t\t\t<div class=\"slide-layer\">\n\t\t\t\t\t\t\t\t\t\t<div\n\t\t\t\t\t\t\t\t\t\t\tclass=\"description\">Minimarkt vor Ort\n<\/div>\n\t\t\t\t\t\t\t\t\t<\/div>\n\t\t\t\t\t\t\t\t<\/div>\n\t\t\t\t\t\t\t\n\t\t\t\t\t\t\t\t\t\t\t\t\t<\/div>\n\t\t\t\t\t<\/div>\n\t\t\t\t\n\t\t\t\t<\/div>\t\t\t<\/div>\n\t\t\t\t\t<div class=\"swiper-slide elementor-repeater-item-2107a31\">\n\t\t\t\t<div class=\"nuss-box slide-wrapper\">\n\t\t\t\t\t\t\t\t\t<div class=\"slide-image nuss-image\">\n\t\t\t\t\t\t\t\t\t\t\t\t\t\t\t\t\t\t\t\t<div class=\"slide-overlay\"><\/div>\n\t\t\t\t\t\t\t\t\t\t\t<\/div>\n\n\t\t\t\t\t<div class=\"slide-icon nuss-icon\">\n\t\t\t\t\t\t<i class=\"far fa-tv\"><\/i>\t\t\t\t\t<\/div>\n\n\t\t\t\t\t<div class=\"slide-content\">\n\t\t\t\t\t\t<div class=\"slide-layers\">\n\t\t\t\t\t\t\t\n\t\t\t\t\t\t\t\n\t\t\t\t\t\t\t\t\t\t\t\t\t\t\t<div class=\"slide-layer-wrap description-wrap\">\n\t\t\t\t\t\t\t\t\t<div class=\"slide-layer\">\n\t\t\t\t\t\t\t\t\t\t<div\n\t\t\t\t\t\t\t\t\t\t\tclass=\"description\">Gemeinschaftslounge\n\/TV-Bereich<\/div>\n\t\t\t\t\t\t\t\t\t<\/div>\n\t\t\t\t\t\t\t\t<\/div>\n\t\t\t\t\t\t\t\n\t\t\t\t\t\t\t\t\t\t\t\t\t<\/div>\n\t\t\t\t\t<\/div>\n\t\t\t\t\n\t\t\t\t<\/div>\t\t\t<\/div>\n\t\t\t\t\t<div class=\"swiper-slide elementor-repeater-item-be0467c\">\n\t\t\t\t<div class=\"nuss-box slide-wrapper\">\n\t\t\t\t\t\t\t\t\t<div class=\"slide-image nuss-image\">\n\t\t\t\t\t\t\t\t\t\t\t\t\t\t\t\t\t\t\t\t<div class=\"slide-overlay\"><\/div>\n\t\t\t\t\t\t\t\t\t\t\t<\/div>\n\n\t\t\t\t\t<div class=\"slide-icon nuss-icon\">\n\t\t\t\t\t\t<i class=\"far fa-wifi\"><\/i>\t\t\t\t\t<\/div>\n\n\t\t\t\t\t<div class=\"slide-content\">\n\t\t\t\t\t\t<div class=\"slide-layers\">\n\t\t\t\t\t\t\t\n\t\t\t\t\t\t\t\n\t\t\t\t\t\t\t\t\t\t\t\t\t\t\t<div class=\"slide-layer-wrap description-wrap\">\n\t\t\t\t\t\t\t\t\t<div class=\"slide-layer\">\n\t\t\t\t\t\t\t\t\t\t<div\n\t\t\t\t\t\t\t\t\t\t\tclass=\"description\">WLAN ist in allen Bereichen verf\u00fcgbar\n<\/div>\n\t\t\t\t\t\t\t\t\t<\/div>\n\t\t\t\t\t\t\t\t<\/div>\n\t\t\t\t\t\t\t\n\t\t\t\t\t\t\t\t\t\t\t\t\t<\/div>\n\t\t\t\t\t<\/div>\n\t\t\t\t\n\t\t\t\t<\/div>\t\t\t<\/div>\n\t\t\t\t\t<div class=\"swiper-slide elementor-repeater-item-ad08b19\">\n\t\t\t\t<div class=\"nuss-box slide-wrapper\">\n\t\t\t\t\t\t\t\t\t<div class=\"slide-image nuss-image\">\n\t\t\t\t\t\t\t\t\t\t\t\t\t\t\t\t\t\t\t\t<div class=\"slide-overlay\"><\/div>\n\t\t\t\t\t\t\t\t\t\t\t<\/div>\n\n\t\t\t\t\t<div class=\"slide-icon nuss-icon\">\n\t\t\t\t\t\t<i class=\"far fa-coffee\"><\/i>\t\t\t\t\t<\/div>\n\n\t\t\t\t\t<div class=\"slide-content\">\n\t\t\t\t\t\t<div class=\"slide-layers\">\n\t\t\t\t\t\t\t\n\t\t\t\t\t\t\t\n\t\t\t\t\t\t\t\t\t\t\t\t\t\t\t<div class=\"slide-layer-wrap description-wrap\">\n\t\t\t\t\t\t\t\t\t<div class=\"slide-layer\">\n\t\t\t\t\t\t\t\t\t\t<div\n\t\t\t\t\t\t\t\t\t\t\tclass=\"description\">Kaffeehaus vor Ort\n<\/div>\n\t\t\t\t\t\t\t\t\t<\/div>\n\t\t\t\t\t\t\t\t<\/div>\n\t\t\t\t\t\t\t\n\t\t\t\t\t\t\t\t\t\t\t\t\t<\/div>\n\t\t\t\t\t<\/div>\n\t\t\t\t\n\t\t\t\t<\/div>\t\t\t<\/div>\n\t\t\t\t\t<div class=\"swiper-slide elementor-repeater-item-9c50b4b\">\n\t\t\t\t<div class=\"nuss-box slide-wrapper\">\n\t\t\t\t\t\t\t\t\t<div class=\"slide-image nuss-image\">\n\t\t\t\t\t\t\t\t\t\t\t\t\t\t\t\t\t\t\t\t<div class=\"slide-overlay\"><\/div>\n\t\t\t\t\t\t\t\t\t\t\t<\/div>\n\n\t\t\t\t\t<div class=\"slide-icon nuss-icon\">\n\t\t\t\t\t\t<i class=\"fal fa-hamburger\"><\/i>\t\t\t\t\t<\/div>\n\n\t\t\t\t\t<div class=\"slide-content\">\n\t\t\t\t\t\t<div class=\"slide-layers\">\n\t\t\t\t\t\t\t\n\t\t\t\t\t\t\t\n\t\t\t\t\t\t\t\t\t\t\t\t\t\t\t<div class=\"slide-layer-wrap description-wrap\">\n\t\t\t\t\t\t\t\t\t<div class=\"slide-layer\">\n\t\t\t\t\t\t\t\t\t\t<div\n\t\t\t\t\t\t\t\t\t\t\tclass=\"description\">Restaurant<\/div>\n\t\t\t\t\t\t\t\t\t<\/div>\n\t\t\t\t\t\t\t\t<\/div>\n\t\t\t\t\t\t\t\n\t\t\t\t\t\t\t\t\t\t\t\t\t<\/div>\n\t\t\t\t\t<\/div>\n\t\t\t\t\n\t\t\t\t<\/div>\t\t\t<\/div>\n\t\t\t\t\t<div class=\"swiper-slide elementor-repeater-item-876f136\">\n\t\t\t\t<div class=\"nuss-box slide-wrapper\">\n\t\t\t\t\t\t\t\t\t<div class=\"slide-image nuss-image\">\n\t\t\t\t\t\t\t\t\t\t\t\t\t\t\t\t\t\t\t\t<div class=\"slide-overlay\"><\/div>\n\t\t\t\t\t\t\t\t\t\t\t<\/div>\n\n\t\t\t\t\t<div class=\"slide-icon nuss-icon\">\n\t\t\t\t\t\t<i class=\"fal fa-dog-leashed\"><\/i>\t\t\t\t\t<\/div>\n\n\t\t\t\t\t<div class=\"slide-content\">\n\t\t\t\t\t\t<div class=\"slide-layers\">\n\t\t\t\t\t\t\t\n\t\t\t\t\t\t\t\t\t\t\t\t\t\t\t<div class=\"slide-layer-wrap title-wrap\">\n\t\t\t\t\t\t\t\t\t<div class=\"slide-layer\">\n\t\t\t\t\t\t\t\t\t\t<h4 class=\"title\">\u039a\u03b1\u03c4\u03bf\u03b9\u03ba\u03af\u03b4\u03b9\u03b1 \u03b6\u03ce\u03b1\n<\/h4>\n\t\t\t\t\t\t\t\t\t<\/div>\n\t\t\t\t\t\t\t\t<\/div>\n\t\t\t\t\t\t\t\n\t\t\t\t\t\t\t\t\t\t\t\t\t\t\t<div class=\"slide-layer-wrap description-wrap\">\n\t\t\t\t\t\t\t\t\t<div class=\"slide-layer\">\n\t\t\t\t\t\t\t\t\t\t<div\n\t\t\t\t\t\t\t\t\t\t\tclass=\"description\">Haustiere sind auf Anfrage gestattet<\/div>\n\t\t\t\t\t\t\t\t\t<\/div>\n\t\t\t\t\t\t\t\t<\/div>\n\t\t\t\t\t\t\t\n\t\t\t\t\t\t\t\t\t\t\t\t\t<\/div>\n\t\t\t\t\t<\/div>\n\t\t\t\t\n\t\t\t\t<\/div>\t\t\t<\/div>\n\t\t\t\t\t\t\t<\/div>\n\t\t\t\t<\/div>\n\n\t\t\t\t\n\t\t\t<\/div>\n\t\t<\/div>\n\t\t\t\t<\/div>\n\t\t\t\t<\/div>\n\t\t\t\t<\/div>\n\t\t\t\t\t<\/div>\n\t\t<\/div>\n\t\t\t\t\t\t\t<\/div>\n\t\t<\/section>\n\t\t\t\t<section class=\"elementor-section elementor-top-section elementor-element elementor-element-fad87ed elementor-section-boxed elementor-section-gap-beside-yes elementor-section-height-default elementor-section-height-default elementor-section-column-vertical-align-stretch\" data-id=\"fad87ed\" data-element_type=\"section\">\n\t\t\t\t\t\t<div class=\"elementor-container elementor-column-gap-extended\">\n\t\t\t\t\t<div class=\"elementor-column elementor-col-50 elementor-top-column elementor-element elementor-element-9b3c6b5\" data-id=\"9b3c6b5\" data-element_type=\"column\">\n\t\t\t<div class=\"elementor-widget-wrap elementor-element-populated\">\n\t\t\t\t\t\t\t\t<div class=\"elementor-element elementor-element-ce91d58 elementor-invisible nuss-elementor-loading nuss-slide-in-right elementor-widget elementor-widget-image\" data-id=\"ce91d58\" data-element_type=\"widget\" data-settings=\"{&quot;_animation&quot;:&quot;nussSlideInRight&quot;}\" data-widget_type=\"image.default\">\n\t\t\t\t<div class=\"elementor-widget-container\">\n\t\t\t<style>\/*! elementor - v3.5.5 - 03-02-2022 *\/\n.elementor-widget-image{text-align:center}.elementor-widget-image a{display:inline-block}.elementor-widget-image a img[src$=\".svg\"]{width:48px}.elementor-widget-image img{vertical-align:middle;display:inline-block}<\/style>\t\t\t\t\t\t\t\t\t\t\t\t<img loading=\"lazy\" decoding=\"async\" width=\"1600\" height=\"1067\" src=\"https:\/\/harmonyresort.gr\/wp-content\/uploads\/2022\/02\/DSC03848-Copy-1.jpg\" class=\"attachment-full size-full\" alt=\"\" srcset=\"https:\/\/harmonyresort.gr\/wp-content\/uploads\/2022\/02\/DSC03848-Copy-1.jpg 1600w, https:\/\/harmonyresort.gr\/wp-content\/uploads\/2022\/02\/DSC03848-Copy-1-300x200.jpg 300w, https:\/\/harmonyresort.gr\/wp-content\/uploads\/2022\/02\/DSC03848-Copy-1-1024x683.jpg 1024w, https:\/\/harmonyresort.gr\/wp-content\/uploads\/2022\/02\/DSC03848-Copy-1-768x512.jpg 768w, https:\/\/harmonyresort.gr\/wp-content\/uploads\/2022\/02\/DSC03848-Copy-1-1536x1024.jpg 1536w\" sizes=\"auto, (max-width: 1600px) 100vw, 1600px\" \/>\t\t\t\t\t\t\t\t\t\t\t\t\t\t\t<\/div>\n\t\t\t\t<\/div>\n\t\t\t\t\t<\/div>\n\t\t<\/div>\n\t\t\t\t<div class=\"elementor-column elementor-col-50 elementor-top-column elementor-element elementor-element-27e1142\" data-id=\"27e1142\" data-element_type=\"column\">\n\t\t\t<div class=\"elementor-widget-wrap elementor-element-populated\">\n\t\t\t\t\t\t\t\t<div class=\"elementor-element elementor-element-8980a07 elementor-invisible elementor-widget elementor-widget-heading\" data-id=\"8980a07\" data-element_type=\"widget\" data-settings=\"{&quot;_animation&quot;:&quot;nussFadeInUp&quot;}\" data-widget_type=\"heading.default\">\n\t\t\t\t<div class=\"elementor-widget-container\">\n\t\t\t<style>\/*! elementor - v3.5.5 - 03-02-2022 *\/\n.elementor-heading-title{padding:0;margin:0;line-height:1}.elementor-widget-heading .elementor-heading-title[class*=elementor-size-]>a{color:inherit;font-size:inherit;line-height:inherit}.elementor-widget-heading .elementor-heading-title.elementor-size-small{font-size:15px}.elementor-widget-heading .elementor-heading-title.elementor-size-medium{font-size:19px}.elementor-widget-heading .elementor-heading-title.elementor-size-large{font-size:29px}.elementor-widget-heading .elementor-heading-title.elementor-size-xl{font-size:39px}.elementor-widget-heading .elementor-heading-title.elementor-size-xxl{font-size:59px}<\/style><h2 class=\"elementor-heading-title elementor-size-default\">\nHoteleinrichtungen \n<\/h2>\t\t<\/div>\n\t\t\t\t<\/div>\n\t\t\t\t<div class=\"elementor-element elementor-element-46af239 elementor-invisible elementor-widget elementor-widget-text-editor\" data-id=\"46af239\" data-element_type=\"widget\" data-settings=\"{&quot;_animation&quot;:&quot;nussFadeInUp&quot;}\" data-widget_type=\"text-editor.default\">\n\t\t\t\t<div class=\"elementor-widget-container\">\n\t\t\t\t\t\t\t<ul>\n \t<li>24 Stunden Rezeption<\/li>\n \t<li>Zimmerservice 10:00 \u2013 22:00 Uhr<\/li>\n \t<li>TV<\/li>\n \t<li>Aircondition<\/li>\n \t<li>Gratis WIFI<\/li>\n \t<li>Fr\u00fchst\u00fccksbuffet<\/li>\n \t<li>Fr\u00fcher Fr\u00fchst\u00fccksservice, auf Anfrage<\/li>\n \t<li>Erweiterter Fr\u00fchst\u00fccksservice (l\u00e4nger als 3 Stunden<\/li>\n \t<li>Fr\u00fchst\u00fcck \/ Lunchbox, auf Anfrage<\/li>\n \t<li>Zugang f\u00fcr Personen mit eingeschr\u00e4nkter Mobilit\u00e4t<\/li>\n \t<li>Gratis Parkpl\u00e4tze<\/li>\n \t<li>Weckdienst<\/li>\n \t<li>Gep\u00e4cktransfer Service<\/li>\n<\/ul>\n\t\t\t\t\t\t<\/div>\n\t\t\t\t<\/div>\n\t\t\t\t\t<\/div>\n\t\t<\/div>\n\t\t\t\t\t\t\t<\/div>\n\t\t<\/section>\n\t\t\t\t\t\t<\/div>\n\t\t\t\t\t<\/div>\n\t\t","protected":false},"excerpt":{"rendered":"<p>Unsere langj\u00e4hrige Erfahrung garantiert herzliche Gastfreundschaft mit hochwertigen Dienstleistungen und Einrichtungen! Minimarkt, Caf\u00e9-Bar, Taverne mit traditioneller griechischer K\u00fcche und reichhaltigem Fr\u00fchst\u00fcck mit Blick auf das Ionische Meer! Minimarkt vor Ort Gemeinschaftslounge \/TV-Bereich WLAN ist in allen Bereichen verf\u00fcgbar Kaffeehaus vor Ort Restaurant \u039a\u03b1\u03c4\u03bf\u03b9\u03ba\u03af\u03b4\u03b9\u03b1 \u03b6\u03ce\u03b1 Haustiere sind auf Anfrage gestattet Hoteleinrichtungen 24 Stunden Rezeption Zimmerservice 10:00 [&hellip;]<\/p>\n","protected":false},"author":1,"featured_media":0,"parent":0,"menu_order":0,"comment_status":"closed","ping_status":"closed","template":"elementor_header_footer","meta":{"footnotes":""},"class_list":["post-8069","page","type-page","status-publish","hentry","post-no-thumbnail"],"yoast_head":"<!-- This site is optimized with the Yoast SEO plugin v19.1 - https:\/\/yoast.com\/wordpress\/plugins\/seo\/ -->\n<title>Dienstleistungen - Harmony Beach Hotel, Kourouta<\/title>\n<meta name=\"robots\" content=\"index, follow, max-snippet:-1, max-image-preview:large, max-video-preview:-1\" \/>\n<link rel=\"canonical\" href=\"https:\/\/harmonyresort.gr\/de\/services\/\" \/>\n<meta property=\"og:locale\" content=\"de_DE\" \/>\n<meta property=\"og:type\" content=\"article\" \/>\n<meta property=\"og:title\" content=\"Dienstleistungen - Harmony Beach Hotel, Kourouta\" \/>\n<meta property=\"og:description\" content=\"Unsere langj\u00e4hrige Erfahrung garantiert herzliche Gastfreundschaft mit hochwertigen Dienstleistungen und Einrichtungen! Minimarkt, Caf\u00e9-Bar, Taverne mit traditioneller griechischer K\u00fcche und reichhaltigem Fr\u00fchst\u00fcck mit Blick auf das Ionische Meer! Minimarkt vor Ort Gemeinschaftslounge \/TV-Bereich WLAN ist in allen Bereichen verf\u00fcgbar Kaffeehaus vor Ort Restaurant \u039a\u03b1\u03c4\u03bf\u03b9\u03ba\u03af\u03b4\u03b9\u03b1 \u03b6\u03ce\u03b1 Haustiere sind auf Anfrage gestattet Hoteleinrichtungen 24 Stunden Rezeption Zimmerservice 10:00 [&hellip;]\" \/>\n<meta property=\"og:url\" content=\"https:\/\/harmonyresort.gr\/de\/services\/\" \/>\n<meta property=\"og:site_name\" content=\"Harmony Beach Hotel, Kourouta\" \/>\n<meta property=\"article:modified_time\" content=\"2025-12-09T10:57:53+00:00\" \/>\n<meta property=\"og:image\" content=\"https:\/\/harmonyresort.gr\/wp-content\/uploads\/2022\/02\/DSC03848-Copy-1.jpg\" \/>\n<meta name=\"twitter:card\" content=\"summary_large_image\" \/>\n<meta name=\"twitter:label1\" content=\"Gesch\u00e4tzte Lesezeit\" \/>\n\t<meta name=\"twitter:data1\" content=\"1\u00a0Minute\" \/>\n<script type=\"application\/ld+json\" class=\"yoast-schema-graph\">{\"@context\":\"https:\/\/schema.org\",\"@graph\":[{\"@type\":\"WebSite\",\"@id\":\"https:\/\/harmonyresort.gr\/#website\",\"url\":\"https:\/\/harmonyresort.gr\/\",\"name\":\"Harmony Beach Hotel, Kourouta\",\"description\":\"Western Peloponnese, Greece\",\"potentialAction\":[{\"@type\":\"SearchAction\",\"target\":{\"@type\":\"EntryPoint\",\"urlTemplate\":\"https:\/\/harmonyresort.gr\/?s={search_term_string}\"},\"query-input\":\"required name=search_term_string\"}],\"inLanguage\":\"de\"},{\"@type\":\"ImageObject\",\"inLanguage\":\"de\",\"@id\":\"https:\/\/harmonyresort.gr\/de\/services\/#primaryimage\",\"url\":\"https:\/\/harmonyresort.gr\/wp-content\/uploads\/2022\/02\/DSC03848-Copy-1.jpg\",\"contentUrl\":\"https:\/\/harmonyresort.gr\/wp-content\/uploads\/2022\/02\/DSC03848-Copy-1.jpg\",\"width\":1600,\"height\":1067},{\"@type\":\"WebPage\",\"@id\":\"https:\/\/harmonyresort.gr\/de\/services\/#webpage\",\"url\":\"https:\/\/harmonyresort.gr\/de\/services\/\",\"name\":\"Dienstleistungen - Harmony Beach Hotel, Kourouta\",\"isPartOf\":{\"@id\":\"https:\/\/harmonyresort.gr\/#website\"},\"primaryImageOfPage\":{\"@id\":\"https:\/\/harmonyresort.gr\/de\/services\/#primaryimage\"},\"datePublished\":\"2021-03-26T08:35:58+00:00\",\"dateModified\":\"2025-12-09T10:57:53+00:00\",\"breadcrumb\":{\"@id\":\"https:\/\/harmonyresort.gr\/de\/services\/#breadcrumb\"},\"inLanguage\":\"de\",\"potentialAction\":[{\"@type\":\"ReadAction\",\"target\":[\"https:\/\/harmonyresort.gr\/de\/services\/\"]}]},{\"@type\":\"BreadcrumbList\",\"@id\":\"https:\/\/harmonyresort.gr\/de\/services\/#breadcrumb\",\"itemListElement\":[{\"@type\":\"ListItem\",\"position\":1,\"name\":\"\u0391\u03c1\u03c7\u03b9\u03ba\u03ae\",\"item\":\"https:\/\/harmonyresort.gr\/\"},{\"@type\":\"ListItem\",\"position\":2,\"name\":\"Dienstleistungen\"}]}]}<\/script>\n<!-- \/ Yoast SEO plugin. -->","yoast_head_json":{"title":"Dienstleistungen - Harmony Beach Hotel, Kourouta","robots":{"index":"index","follow":"follow","max-snippet":"max-snippet:-1","max-image-preview":"max-image-preview:large","max-video-preview":"max-video-preview:-1"},"canonical":"https:\/\/harmonyresort.gr\/de\/services\/","og_locale":"de_DE","og_type":"article","og_title":"Dienstleistungen - Harmony Beach Hotel, Kourouta","og_description":"Unsere langj\u00e4hrige Erfahrung garantiert herzliche Gastfreundschaft mit hochwertigen Dienstleistungen und Einrichtungen! Minimarkt, Caf\u00e9-Bar, Taverne mit traditioneller griechischer K\u00fcche und reichhaltigem Fr\u00fchst\u00fcck mit Blick auf das Ionische Meer! Minimarkt vor Ort Gemeinschaftslounge \/TV-Bereich WLAN ist in allen Bereichen verf\u00fcgbar Kaffeehaus vor Ort Restaurant \u039a\u03b1\u03c4\u03bf\u03b9\u03ba\u03af\u03b4\u03b9\u03b1 \u03b6\u03ce\u03b1 Haustiere sind auf Anfrage gestattet Hoteleinrichtungen 24 Stunden Rezeption Zimmerservice 10:00 [&hellip;]","og_url":"https:\/\/harmonyresort.gr\/de\/services\/","og_site_name":"Harmony Beach Hotel, Kourouta","article_modified_time":"2025-12-09T10:57:53+00:00","og_image":[{"url":"https:\/\/harmonyresort.gr\/wp-content\/uploads\/2022\/02\/DSC03848-Copy-1.jpg"}],"twitter_card":"summary_large_image","twitter_misc":{"Gesch\u00e4tzte Lesezeit":"1\u00a0Minute"},"schema":{"@context":"https:\/\/schema.org","@graph":[{"@type":"WebSite","@id":"https:\/\/harmonyresort.gr\/#website","url":"https:\/\/harmonyresort.gr\/","name":"Harmony Beach Hotel, Kourouta","description":"Western Peloponnese, Greece","potentialAction":[{"@type":"SearchAction","target":{"@type":"EntryPoint","urlTemplate":"https:\/\/harmonyresort.gr\/?s={search_term_string}"},"query-input":"required name=search_term_string"}],"inLanguage":"de"},{"@type":"ImageObject","inLanguage":"de","@id":"https:\/\/harmonyresort.gr\/de\/services\/#primaryimage","url":"https:\/\/harmonyresort.gr\/wp-content\/uploads\/2022\/02\/DSC03848-Copy-1.jpg","contentUrl":"https:\/\/harmonyresort.gr\/wp-content\/uploads\/2022\/02\/DSC03848-Copy-1.jpg","width":1600,"height":1067},{"@type":"WebPage","@id":"https:\/\/harmonyresort.gr\/de\/services\/#webpage","url":"https:\/\/harmonyresort.gr\/de\/services\/","name":"Dienstleistungen - Harmony Beach Hotel, Kourouta","isPartOf":{"@id":"https:\/\/harmonyresort.gr\/#website"},"primaryImageOfPage":{"@id":"https:\/\/harmonyresort.gr\/de\/services\/#primaryimage"},"datePublished":"2021-03-26T08:35:58+00:00","dateModified":"2025-12-09T10:57:53+00:00","breadcrumb":{"@id":"https:\/\/harmonyresort.gr\/de\/services\/#breadcrumb"},"inLanguage":"de","potentialAction":[{"@type":"ReadAction","target":["https:\/\/harmonyresort.gr\/de\/services\/"]}]},{"@type":"BreadcrumbList","@id":"https:\/\/harmonyresort.gr\/de\/services\/#breadcrumb","itemListElement":[{"@type":"ListItem","position":1,"name":"\u0391\u03c1\u03c7\u03b9\u03ba\u03ae","item":"https:\/\/harmonyresort.gr\/"},{"@type":"ListItem","position":2,"name":"Dienstleistungen"}]}]}},"_links":{"self":[{"href":"https:\/\/harmonyresort.gr\/de\/wp-json\/wp\/v2\/pages\/8069","targetHints":{"allow":["GET"]}}],"collection":[{"href":"https:\/\/harmonyresort.gr\/de\/wp-json\/wp\/v2\/pages"}],"about":[{"href":"https:\/\/harmonyresort.gr\/de\/wp-json\/wp\/v2\/types\/page"}],"author":[{"embeddable":true,"href":"https:\/\/harmonyresort.gr\/de\/wp-json\/wp\/v2\/users\/1"}],"replies":[{"embeddable":true,"href":"https:\/\/harmonyresort.gr\/de\/wp-json\/wp\/v2\/comments?post=8069"}],"version-history":[{"count":8,"href":"https:\/\/harmonyresort.gr\/de\/wp-json\/wp\/v2\/pages\/8069\/revisions"}],"predecessor-version":[{"id":12050,"href":"https:\/\/harmonyresort.gr\/de\/wp-json\/wp\/v2\/pages\/8069\/revisions\/12050"}],"wp:attachment":[{"href":"https:\/\/harmonyresort.gr\/de\/wp-json\/wp\/v2\/media?parent=8069"}],"curies":[{"name":"wp","href":"https:\/\/api.w.org\/{rel}","templated":true}]}}